{"id":232,"date":"2025-08-01T07:25:26","date_gmt":"2025-08-01T07:25:26","guid":{"rendered":"https:\/\/staging-prod-tn.cdcndevelopment.com\/about-us\/"},"modified":"2025-11-07T02:14:28","modified_gmt":"2025-11-07T02:14:28","slug":"about-us","status":"publish","type":"page","link":"https:\/\/www.consumerdirecttn.com\/es\/about-us\/","title":{"rendered":"Qui\u00e9nes somos"},"content":{"rendered":"<div data-elementor-type=\"wp-page\" data-elementor-id=\"232\" class=\"elementor elementor-232\" data-elementor-post-type=\"page\">\n\t\t\t\t<div class=\"elementor-element elementor-element-7be8d8cb e-con-full elementor-hidden-desktop e-flex e-con e-parent\" data-id=\"7be8d8cb\" data-element_type=\"container\" data-settings=\"{&quot;background_background&quot;:&quot;classic&quot;}\">\n\t\t\t\t<div class=\"elementor-element elementor-element-bcef6ba elementor-widget elementor-widget-n-accordion\" data-id=\"bcef6ba\" data-element_type=\"widget\" id=\"accordion-sticky-list-mb\" data-settings=\"{&quot;default_state&quot;:&quot;all_collapsed&quot;,&quot;max_items_expended&quot;:&quot;one&quot;,&quot;n_accordion_animation_duration&quot;:{&quot;unit&quot;:&quot;ms&quot;,&quot;size&quot;:400,&quot;sizes&quot;:[]}}\" data-widget_type=\"nested-accordion.default\">\n\t\t\t\t<div class=\"elementor-widget-container\">\n\t\t\t\t\t\t\t<div class=\"e-n-accordion\" aria-label=\"Acorde\u00f3n. Abra los enlaces con Intro o Espacio, ci\u00e9rrelos con Escape y navegue con las teclas de flecha.\">\n\t\t\t\t\t\t<details id=\"e-n-accordion-item-1980\" class=\"e-n-accordion-item\" >\n\t\t\t\t<summary class=\"e-n-accordion-item-title\" data-accordion-index=\"1\" tabindex=\"0\" aria-expanded=\"false\" aria-controls=\"e-n-accordion-item-1980\" >\n\t\t\t\t\t<span class='e-n-accordion-item-title-header'><div class=\"e-n-accordion-item-title-text\"> Seleccionar secci\u00f3n <\/div><\/span>\n\t\t\t\t\t\t\t<span class='e-n-accordion-item-title-icon'>\n\t\t\t<span class='e-opened' ><svg xmlns=\"http:\/\/www.w3.org\/2000\/svg\" width=\"24\" height=\"24\" viewbox=\"0 0 24 24\" fill=\"none\"><path d=\"M5 13V11H19V13H5Z\" fill=\"#003764\"><\/path><\/svg><\/span>\n\t\t\t<span class='e-closed'><svg xmlns=\"http:\/\/www.w3.org\/2000\/svg\" width=\"24\" height=\"24\" viewbox=\"0 0 24 24\" fill=\"none\"><path d=\"M11 13H5V11H11V5H13V11H19V13H13V19H11V13Z\" fill=\"#003764\"><\/path><\/svg><\/span>\n\t\t<\/span>\n\n\t\t\t\t\t\t<\/summary>\n\t\t\t\t<div role=\"region\" aria-labelledby=\"e-n-accordion-item-1980\" class=\"elementor-element elementor-element-7cef7e95 e-con-full e-flex e-con e-child\" data-id=\"7cef7e95\" data-element_type=\"container\">\n\t\t\t\t<div class=\"elementor-element elementor-element-3c7b42bc sticky-list-mb elementor-icon-list--layout-traditional elementor-list-item-link-full_width elementor-widget elementor-widget-icon-list\" data-id=\"3c7b42bc\" data-element_type=\"widget\" data-widget_type=\"icon-list.default\">\n\t\t\t\t<div class=\"elementor-widget-container\">\n\t\t\t\t\t\t\t<ul class=\"elementor-icon-list-items\">\n\t\t\t\t\t\t\t<li class=\"elementor-icon-list-item\">\n\t\t\t\t\t\t\t\t\t\t\t<a href=\"#what-we-do\">\n\n\t\t\t\t\t\t\t\t\t\t\t<span class=\"elementor-icon-list-text\">Qu\u00e9 hacemos<\/span>\n\t\t\t\t\t\t\t\t\t\t\t<\/a>\n\t\t\t\t\t\t\t\t\t<\/li>\n\t\t\t\t\t\t\t\t<li class=\"elementor-icon-list-item\">\n\t\t\t\t\t\t\t\t\t\t\t<a href=\"#our-community\">\n\n\t\t\t\t\t\t\t\t\t\t\t<span class=\"elementor-icon-list-text\">Nuestra Comunidad<\/span>\n\t\t\t\t\t\t\t\t\t\t\t<\/a>\n\t\t\t\t\t\t\t\t\t<\/li>\n\t\t\t\t\t\t<\/ul>\n\t\t\t\t\t\t<\/div>\n\t\t\t\t<\/div>\n\t\t\t\t<\/div>\n\t\t\t\t\t<\/details>\n\t\t\t\t\t<\/div>\n\t\t\t\t\t\t<\/div>\n\t\t\t\t<\/div>\n\t\t\t\t<\/div>\n\t\t<div class=\"elementor-element elementor-element-7312000d e-con-full e-flex e-con e-parent\" data-id=\"7312000d\" data-element_type=\"container\" data-settings=\"{&quot;background_background&quot;:&quot;classic&quot;}\">\n\t\t<div class=\"elementor-element elementor-element-34f8db6f e-con-full elementor-hidden-mobile e-flex e-con e-child\" data-id=\"34f8db6f\" data-element_type=\"container\" data-settings=\"{&quot;background_background&quot;:&quot;classic&quot;}\">\n\t\t\t\t<div class=\"elementor-element elementor-element-114f700c section-tag-banner elementor-widget elementor-widget-heading\" data-id=\"114f700c\" data-element_type=\"widget\" data-widget_type=\"heading.default\">\n\t\t\t\t<div class=\"elementor-widget-container\">\n\t\t\t\t\t<h3 class=\"elementor-heading-title elementor-size-default\">Qui\u00e9nes somos<\/h3>\t\t\t\t<\/div>\n\t\t\t\t<\/div>\n\t\t\t\t<div class=\"elementor-element elementor-element-783650d5 elementor-widget__width-initial elementor-widget elementor-widget-heading\" data-id=\"783650d5\" data-element_type=\"widget\" data-widget_type=\"heading.default\">\n\t\t\t\t<div class=\"elementor-widget-container\">\n\t\t\t\t\t<h1 class=\"elementor-heading-title elementor-size-default\">UNA CULTURA DE <mark>CUIDAR DE TI<\/mark><\/h1>\t\t\t\t<\/div>\n\t\t\t\t<\/div>\n\t\t\t\t<\/div>\n\t\t<div class=\"elementor-element elementor-element-2b86978 elementor-hidden-desktop elementor-hidden-tablet e-flex e-con-boxed e-con e-child\" data-id=\"2b86978\" data-element_type=\"container\">\n\t\t\t\t\t<div class=\"e-con-inner\">\n\t\t\t\t<div class=\"elementor-element elementor-element-67ad2935 section-tag-grey elementor-widget elementor-widget-heading\" data-id=\"67ad2935\" data-element_type=\"widget\" data-widget_type=\"heading.default\">\n\t\t\t\t<div class=\"elementor-widget-container\">\n\t\t\t\t\t<h2 class=\"elementor-heading-title elementor-size-default\">Qui\u00e9nes somos<\/h2>\t\t\t\t<\/div>\n\t\t\t\t<\/div>\n\t\t\t\t<div class=\"elementor-element elementor-element-39f5cbd5 elementor-widget__width-initial elementor-widget elementor-widget-heading\" data-id=\"39f5cbd5\" data-element_type=\"widget\" data-widget_type=\"heading.default\">\n\t\t\t\t<div class=\"elementor-widget-container\">\n\t\t\t\t\t<h1 class=\"elementor-heading-title elementor-size-default\">UNA CULTURA DE <mark>CUIDAR DE TI<\/mark><\/h1>\t\t\t\t<\/div>\n\t\t\t\t<\/div>\n\t\t\t\t<div class=\"elementor-element elementor-element-741d30c4 elementor-widget-mobile__width-inherit elementor-widget elementor-widget-image\" data-id=\"741d30c4\" data-element_type=\"widget\" data-widget_type=\"image.default\">\n\t\t\t\t<div class=\"elementor-widget-container\">\n\t\t\t\t\t\t\t\t\t\t\t\t\t\t\t<img decoding=\"async\" src=\"https:\/\/www.consumerdirecttn.com\/wp-content\/uploads\/sites\/17\/2025\/08\/about-us-banner-mob.png\" title=\"\" alt=\"\" loading=\"lazy\" \/>\t\t\t\t\t\t\t\t\t\t\t\t\t\t\t<\/div>\n\t\t\t\t<\/div>\n\t\t\t\t\t<\/div>\n\t\t\t\t<\/div>\n\t\t\t\t<\/div>\n\t\t<div class=\"elementor-element elementor-element-124336c7 e-con-full e-flex e-con e-parent\" data-id=\"124336c7\" data-element_type=\"container\" id=\"what-we-do\" data-settings=\"{&quot;background_background&quot;:&quot;classic&quot;}\">\n\t\t<div class=\"elementor-element elementor-element-5369bf05 e-con-full elementor-hidden-tablet elementor-hidden-mobile e-flex e-con e-child\" data-id=\"5369bf05\" data-element_type=\"container\">\n\t\t\t\t<div class=\"elementor-element elementor-element-19fc2e4 sticky-list elementor-icon-list--layout-traditional elementor-list-item-link-full_width elementor-widget elementor-widget-icon-list\" data-id=\"19fc2e4\" data-element_type=\"widget\" data-settings=\"{&quot;sticky&quot;:&quot;top&quot;,&quot;sticky_offset&quot;:150,&quot;sticky_on&quot;:[&quot;desktop&quot;],&quot;sticky_effects_offset&quot;:0,&quot;sticky_anchor_link_offset&quot;:0}\" data-widget_type=\"icon-list.default\">\n\t\t\t\t<div class=\"elementor-widget-container\">\n\t\t\t\t\t\t\t<ul class=\"elementor-icon-list-items\">\n\t\t\t\t\t\t\t<li class=\"elementor-icon-list-item\">\n\t\t\t\t\t\t\t\t\t\t\t<a href=\"#what-we-do\">\n\n\t\t\t\t\t\t\t\t\t\t\t<span class=\"elementor-icon-list-text\">Qu\u00e9 hacemos<\/span>\n\t\t\t\t\t\t\t\t\t\t\t<\/a>\n\t\t\t\t\t\t\t\t\t<\/li>\n\t\t\t\t\t\t\t\t<li class=\"elementor-icon-list-item\">\n\t\t\t\t\t\t\t\t\t\t\t<a href=\"#our-community\">\n\n\t\t\t\t\t\t\t\t\t\t\t<span class=\"elementor-icon-list-text\">Nuestra Comunidad<\/span>\n\t\t\t\t\t\t\t\t\t\t\t<\/a>\n\t\t\t\t\t\t\t\t\t<\/li>\n\t\t\t\t\t\t<\/ul>\n\t\t\t\t\t\t<\/div>\n\t\t\t\t<\/div>\n\t\t\t\t<\/div>\n\t\t<div class=\"elementor-element elementor-element-1f6006a6 e-con-full e-flex e-con e-child\" data-id=\"1f6006a6\" data-element_type=\"container\">\n\t\t<div class=\"elementor-element elementor-element-59ebbbc e-con-full e-flex e-con e-child\" data-id=\"59ebbbc\" data-element_type=\"container\">\n\t\t<div class=\"elementor-element elementor-element-573c2ee5 e-con-full e-flex e-con e-child\" data-id=\"573c2ee5\" data-element_type=\"container\">\n\t\t<div class=\"elementor-element elementor-element-2a9de8dc e-con-full e-flex e-con e-child\" data-id=\"2a9de8dc\" data-element_type=\"container\">\n\t\t\t\t<div class=\"elementor-element elementor-element-661cdf6 section-tag-grey elementor-widget elementor-widget-heading\" data-id=\"661cdf6\" data-element_type=\"widget\" data-widget_type=\"heading.default\">\n\t\t\t\t<div class=\"elementor-widget-container\">\n\t\t\t\t\t<h2 class=\"elementor-heading-title elementor-size-default\">Qu\u00e9 hacemos<\/h2>\t\t\t\t<\/div>\n\t\t\t\t<\/div>\n\t\t\t\t<div class=\"elementor-element elementor-element-72ef10bf elementor-widget elementor-widget-text-editor\" data-id=\"72ef10bf\" data-element_type=\"widget\" data-widget_type=\"text-editor.default\">\n\t\t\t\t<div class=\"elementor-widget-container\">\n\t\t\t\t\t\t\t\t\t<h3>Cobertura de asistencia a domicilio en todo Tennessee.<\/h3>\n<p>La Red de Atenci\u00f3n Directa al Consumidor de Tennessee (CDTN, por sus siglas en ingl\u00e9s) proporciona administraci\u00f3n financiera y corretaje de apoyo para los servicios domiciliarios y comunitarios (HCBS, por sus siglas en ingl\u00e9s) dirigidos por el consumidor de TennCare.<\/p>\n<p>Proporcionamos atenci\u00f3n y apoyo a familias y personas de todas las edades, incluidos ancianos, ni\u00f1os y personas con discapacidades f\u00edsicas, intelectuales o del desarrollo, para que puedan permanecer seguras, sanas e independientes en sus hogares y comunidades.<\/p>\n\t\t\t\t\t\t\t\t<\/div>\n\t\t\t\t<\/div>\n\t\t\t\t<\/div>\n\t\t\t\t<\/div>\n\t\t<div class=\"elementor-element elementor-element-dfb25e7 e-con-full e-flex e-con e-child\" data-id=\"dfb25e7\" data-element_type=\"container\">\n\t\t\t\t<div class=\"elementor-element elementor-element-4a23341f elementor-widget-mobile__width-inherit elementor-widget elementor-widget-image\" data-id=\"4a23341f\" data-element_type=\"widget\" data-widget_type=\"image.default\">\n\t\t\t\t<div class=\"elementor-widget-container\">\n\t\t\t\t\t\t\t\t\t\t\t\t\t\t\t<img decoding=\"async\" src=\"https:\/\/www.consumerdirecttn.com\/wp-content\/uploads\/sites\/17\/2025\/08\/what-we-do.png\" title=\"\" alt=\"\" loading=\"lazy\" \/>\t\t\t\t\t\t\t\t\t\t\t\t\t\t\t<\/div>\n\t\t\t\t<\/div>\n\t\t\t\t<\/div>\n\t\t\t\t<\/div>\n\t\t\t\t<\/div>\n\t\t\t\t<\/div>\n\t\t<div class=\"elementor-element elementor-element-38b392f0 e-con-full e-flex e-con e-parent\" data-id=\"38b392f0\" data-element_type=\"container\" id=\"our-community\" data-settings=\"{&quot;background_background&quot;:&quot;classic&quot;}\">\n\t\t<div class=\"elementor-element elementor-element-458e986b e-con-full elementor-hidden-tablet elementor-hidden-mobile e-flex e-con e-child\" data-id=\"458e986b\" data-element_type=\"container\">\n\t\t\t\t<\/div>\n\t\t<div class=\"elementor-element elementor-element-7278d67d e-con-full e-flex e-con e-child\" data-id=\"7278d67d\" data-element_type=\"container\">\n\t\t<div class=\"elementor-element elementor-element-3f00d951 e-con-full e-flex e-con e-child\" data-id=\"3f00d951\" data-element_type=\"container\" data-settings=\"{&quot;background_background&quot;:&quot;classic&quot;}\">\n\t\t<div class=\"elementor-element elementor-element-57f94f10 e-con-full e-flex e-con e-child\" data-id=\"57f94f10\" data-element_type=\"container\">\n\t\t\t\t<div class=\"elementor-element elementor-element-57ef66a2 elementor-widget-mobile__width-inherit elementor-widget elementor-widget-image\" data-id=\"57ef66a2\" data-element_type=\"widget\" data-widget_type=\"image.default\">\n\t\t\t\t<div class=\"elementor-widget-container\">\n\t\t\t\t\t\t\t\t\t\t\t\t\t\t\t<img decoding=\"async\" src=\"https:\/\/www.consumerdirecttn.com\/wp-content\/uploads\/sites\/17\/2025\/08\/our-community.png\" title=\"\" alt=\"\" loading=\"lazy\" \/>\t\t\t\t\t\t\t\t\t\t\t\t\t\t\t<\/div>\n\t\t\t\t<\/div>\n\t\t\t\t<\/div>\n\t\t<div class=\"elementor-element elementor-element-5dd209b1 e-con-full e-flex e-con e-child\" data-id=\"5dd209b1\" data-element_type=\"container\">\n\t\t\t\t<div class=\"elementor-element elementor-element-38d91d9f section-tag-white elementor-widget elementor-widget-heading\" data-id=\"38d91d9f\" data-element_type=\"widget\" data-widget_type=\"heading.default\">\n\t\t\t\t<div class=\"elementor-widget-container\">\n\t\t\t\t\t<h2 class=\"elementor-heading-title elementor-size-default\">Nuestra Comunidad<\/h2>\t\t\t\t<\/div>\n\t\t\t\t<\/div>\n\t\t\t\t<div class=\"elementor-element elementor-element-1c681ef8 elementor-widget elementor-widget-text-editor\" data-id=\"1c681ef8\" data-element_type=\"widget\" data-widget_type=\"text-editor.default\">\n\t\t\t\t<div class=\"elementor-widget-container\">\n\t\t\t\t\t\t\t\t\t<h3>Impulsado por la conexi\u00f3n humana<\/h3>\n<p>En Tennessee y en todo el pa\u00eds, apoyamos a personas como usted: clientes, cuidadores y representantes autorizados que desempe\u00f1an un papel directo en sus servicios a domicilio. Le invitamos a conocer algunas de las formas en que podemos conectar como comunidad. Creemos que juntos podemos conseguir m\u00e1s.<\/p>\n\t\t\t\t\t\t\t\t<\/div>\n\t\t\t\t<\/div>\n\t\t\t\t<div class=\"elementor-element elementor-element-395f7be2 primary-dark elementor-widget elementor-widget-button\" data-id=\"395f7be2\" data-element_type=\"widget\" data-widget_type=\"button.default\">\n\t\t\t\t<div class=\"elementor-widget-container\">\n\t\t\t\t\t\t\t\t\t<div class=\"elementor-button-wrapper\">\n\t\t\t\t\t<a class=\"elementor-button elementor-button-link elementor-size-sm\" href=\"https:\/\/www.consumerdirectcare.com\/about-us\/community\/\" target=\"_blank\">\n\t\t\t\t\t\t<span class=\"elementor-button-content-wrapper\">\n\t\t\t\t\t\t\t\t\t<span class=\"elementor-button-text\">Nuestra Comunidad<\/span>\n\t\t\t\t\t<\/span>\n\t\t\t\t\t<\/a>\n\t\t\t\t<\/div>\n\t\t\t\t\t\t\t\t<\/div>\n\t\t\t\t<\/div>\n\t\t\t\t<\/div>\n\t\t\t\t<\/div>\n\t\t\t\t<\/div>\n\t\t\t\t<\/div>\n\t\t\t\t<\/div>","protected":false},"excerpt":{"rendered":"<p>Select Section What We Do Our Community What We Do Our Community What We Do Our Community<\/p>","protected":false},"author":1,"featured_media":0,"parent":0,"menu_order":0,"comment_status":"closed","ping_status":"closed","template":"","meta":{"_acf_changed":false,"footnotes":""},"class_list":["post-232","page","type-page","status-publish","hentry"],"acf":[],"yoast_head":"<!-- This site is optimized with the Yoast SEO plugin v26.0 - https:\/\/yoast.com\/wordpress\/plugins\/seo\/ -->\n<title>About Us - Tennessee - Consumer Direct Care<\/title>\n<meta name=\"robots\" content=\"index, follow, max-snippet:-1, max-image-preview:large, max-video-preview:-1\" \/>\n<link rel=\"canonical\" href=\"https:\/\/www.consumerdirecttn.com\/es\/about-us\/\" \/>\n<meta property=\"og:locale\" content=\"es_ES\" \/>\n<meta property=\"og:type\" content=\"article\" \/>\n<meta property=\"og:title\" content=\"About Us - Tennessee - Consumer Direct Care\" \/>\n<meta property=\"og:description\" content=\"Select Section What We Do Our Community What We Do Our Community What We Do Our Community\" \/>\n<meta property=\"og:url\" content=\"https:\/\/www.consumerdirecttn.com\/es\/about-us\/\" \/>\n<meta property=\"og:site_name\" content=\"Tennessee - Consumer Direct Care\" \/>\n<meta property=\"article:modified_time\" content=\"2025-11-07T02:14:28+00:00\" \/>\n<meta name=\"twitter:card\" content=\"summary_large_image\" \/>\n<meta name=\"twitter:label1\" content=\"Tiempo de lectura\" \/>\n\t<meta name=\"twitter:data1\" content=\"2 minutos\" \/>\n<script type=\"application\/ld+json\" class=\"yoast-schema-graph\">{\"@context\":\"https:\/\/schema.org\",\"@graph\":[{\"@type\":\"WebPage\",\"@id\":\"https:\/\/www.consumerdirecttn.com\/about-us\/\",\"url\":\"https:\/\/www.consumerdirecttn.com\/about-us\/\",\"name\":\"About Us - Tennessee - Consumer Direct Care\",\"isPartOf\":{\"@id\":\"https:\/\/www.consumerdirecttn.com\/#website\"},\"datePublished\":\"2025-08-01T07:25:26+00:00\",\"dateModified\":\"2025-11-07T02:14:28+00:00\",\"breadcrumb\":{\"@id\":\"https:\/\/www.consumerdirecttn.com\/about-us\/#breadcrumb\"},\"inLanguage\":\"es\",\"potentialAction\":[{\"@type\":\"ReadAction\",\"target\":[\"https:\/\/www.consumerdirecttn.com\/about-us\/\"]}]},{\"@type\":\"BreadcrumbList\",\"@id\":\"https:\/\/www.consumerdirecttn.com\/about-us\/#breadcrumb\",\"itemListElement\":[{\"@type\":\"ListItem\",\"position\":1,\"name\":\"Home\",\"item\":\"https:\/\/www.consumerdirecttn.com\/\"},{\"@type\":\"ListItem\",\"position\":2,\"name\":\"About Us\"}]},{\"@type\":\"WebSite\",\"@id\":\"https:\/\/www.consumerdirecttn.com\/#website\",\"url\":\"https:\/\/www.consumerdirecttn.com\/\",\"name\":\"Tennessee - Consumer Direct Care\",\"description\":\"\",\"publisher\":{\"@id\":\"https:\/\/www.consumerdirecttn.com\/#organization\"},\"potentialAction\":[{\"@type\":\"SearchAction\",\"target\":{\"@type\":\"EntryPoint\",\"urlTemplate\":\"https:\/\/www.consumerdirecttn.com\/?s={search_term_string}\"},\"query-input\":{\"@type\":\"PropertyValueSpecification\",\"valueRequired\":true,\"valueName\":\"search_term_string\"}}],\"inLanguage\":\"es\"},{\"@type\":\"Organization\",\"@id\":\"https:\/\/www.consumerdirecttn.com\/#organization\",\"name\":\"Tennessee - Consumer Direct Care\",\"url\":\"https:\/\/www.consumerdirecttn.com\/\",\"logo\":{\"@type\":\"ImageObject\",\"inLanguage\":\"es\",\"@id\":\"https:\/\/www.consumerdirecttn.com\/#\/schema\/logo\/image\/\",\"url\":\"https:\/\/www.consumerdirecttn.com\/wp-content\/uploads\/sites\/17\/2025\/08\/tennessee-logo-dark.png\",\"contentUrl\":\"https:\/\/www.consumerdirecttn.com\/wp-content\/uploads\/sites\/17\/2025\/08\/tennessee-logo-dark.png\",\"width\":159,\"height\":48,\"caption\":\"Tennessee - Consumer Direct Care\"},\"image\":{\"@id\":\"https:\/\/www.consumerdirecttn.com\/#\/schema\/logo\/image\/\"}}]}<\/script>\n<!-- \/ Yoast SEO plugin. -->","yoast_head_json":{"title":"About Us - Tennessee - Consumer Direct Care","robots":{"index":"index","follow":"follow","max-snippet":"max-snippet:-1","max-image-preview":"max-image-preview:large","max-video-preview":"max-video-preview:-1"},"canonical":"https:\/\/www.consumerdirecttn.com\/es\/about-us\/","og_locale":"es_ES","og_type":"article","og_title":"About Us - Tennessee - Consumer Direct Care","og_description":"Select Section What We Do Our Community What We Do Our Community What We Do Our Community","og_url":"https:\/\/www.consumerdirecttn.com\/es\/about-us\/","og_site_name":"Tennessee - Consumer Direct Care","article_modified_time":"2025-11-07T02:14:28+00:00","twitter_card":"summary_large_image","twitter_misc":{"Tiempo de lectura":"2 minutos"},"schema":{"@context":"https:\/\/schema.org","@graph":[{"@type":"WebPage","@id":"https:\/\/www.consumerdirecttn.com\/about-us\/","url":"https:\/\/www.consumerdirecttn.com\/about-us\/","name":"About Us - Tennessee - Consumer Direct Care","isPartOf":{"@id":"https:\/\/www.consumerdirecttn.com\/#website"},"datePublished":"2025-08-01T07:25:26+00:00","dateModified":"2025-11-07T02:14:28+00:00","breadcrumb":{"@id":"https:\/\/www.consumerdirecttn.com\/about-us\/#breadcrumb"},"inLanguage":"es","potentialAction":[{"@type":"ReadAction","target":["https:\/\/www.consumerdirecttn.com\/about-us\/"]}]},{"@type":"BreadcrumbList","@id":"https:\/\/www.consumerdirecttn.com\/about-us\/#breadcrumb","itemListElement":[{"@type":"ListItem","position":1,"name":"Home","item":"https:\/\/www.consumerdirecttn.com\/"},{"@type":"ListItem","position":2,"name":"About Us"}]},{"@type":"WebSite","@id":"https:\/\/www.consumerdirecttn.com\/#website","url":"https:\/\/www.consumerdirecttn.com\/","name":"Tennessee - Atenci\u00f3n directa al consumidor","description":"","publisher":{"@id":"https:\/\/www.consumerdirecttn.com\/#organization"},"potentialAction":[{"@type":"SearchAction","target":{"@type":"EntryPoint","urlTemplate":"https:\/\/www.consumerdirecttn.com\/?s={search_term_string}"},"query-input":{"@type":"PropertyValueSpecification","valueRequired":true,"valueName":"search_term_string"}}],"inLanguage":"es"},{"@type":"Organization","@id":"https:\/\/www.consumerdirecttn.com\/#organization","name":"Tennessee - Atenci\u00f3n directa al consumidor","url":"https:\/\/www.consumerdirecttn.com\/","logo":{"@type":"ImageObject","inLanguage":"es","@id":"https:\/\/www.consumerdirecttn.com\/#\/schema\/logo\/image\/","url":"https:\/\/www.consumerdirecttn.com\/wp-content\/uploads\/sites\/17\/2025\/08\/tennessee-logo-dark.png","contentUrl":"https:\/\/www.consumerdirecttn.com\/wp-content\/uploads\/sites\/17\/2025\/08\/tennessee-logo-dark.png","width":159,"height":48,"caption":"Tennessee - Consumer Direct Care"},"image":{"@id":"https:\/\/www.consumerdirecttn.com\/#\/schema\/logo\/image\/"}}]}},"_links":{"self":[{"href":"https:\/\/www.consumerdirecttn.com\/es\/wp-json\/wp\/v2\/pages\/232","targetHints":{"allow":["GET"]}}],"collection":[{"href":"https:\/\/www.consumerdirecttn.com\/es\/wp-json\/wp\/v2\/pages"}],"about":[{"href":"https:\/\/www.consumerdirecttn.com\/es\/wp-json\/wp\/v2\/types\/page"}],"author":[{"embeddable":true,"href":"https:\/\/www.consumerdirecttn.com\/es\/wp-json\/wp\/v2\/users\/1"}],"replies":[{"embeddable":true,"href":"https:\/\/www.consumerdirecttn.com\/es\/wp-json\/wp\/v2\/comments?post=232"}],"version-history":[{"count":195,"href":"https:\/\/www.consumerdirecttn.com\/es\/wp-json\/wp\/v2\/pages\/232\/revisions"}],"predecessor-version":[{"id":4286,"href":"https:\/\/www.consumerdirecttn.com\/es\/wp-json\/wp\/v2\/pages\/232\/revisions\/4286"}],"wp:attachment":[{"href":"https:\/\/www.consumerdirecttn.com\/es\/wp-json\/wp\/v2\/media?parent=232"}],"curies":[{"name":"wp","href":"https:\/\/api.w.org\/{rel}","templated":true}]}}