{"id":3050,"date":"2025-10-08T09:29:35","date_gmt":"2025-10-08T09:29:35","guid":{"rendered":"https:\/\/staging-prod-tn.cdcndevelopment.com\/?page_id=3050"},"modified":"2025-10-31T09:29:53","modified_gmt":"2025-10-31T09:29:53","slug":"language-help","status":"publish","type":"page","link":"https:\/\/www.consumerdirecttn.com\/so\/language-help\/","title":{"rendered":"Caawinta Luuqadda"},"content":{"rendered":"<div data-elementor-type=\"wp-page\" data-elementor-id=\"3050\" class=\"elementor elementor-3050\" data-elementor-post-type=\"page\">\n\t\t\t\t<div class=\"elementor-element elementor-element-42c5ade e-con-full e-flex e-con e-parent\" data-id=\"42c5ade\" data-element_type=\"container\" data-settings=\"{&quot;background_background&quot;:&quot;classic&quot;}\">\n\t\t<div class=\"elementor-element elementor-element-321b19c e-con-full elementor-hidden-mobile e-flex e-con e-child\" data-id=\"321b19c\" data-element_type=\"container\" data-settings=\"{&quot;background_background&quot;:&quot;classic&quot;}\">\n\t\t\t\t<div class=\"elementor-element elementor-element-f264c70 elementor-widget__width-initial elementor-widget elementor-widget-heading\" data-id=\"f264c70\" data-element_type=\"widget\" data-widget_type=\"heading.default\">\n\t\t\t\t<div class=\"elementor-widget-container\">\n\t\t\t\t\t<h1 class=\"elementor-heading-title elementor-size-default\">LUQADDA <mark>GARGAAR<\/mark><\/h1>\t\t\t\t<\/div>\n\t\t\t\t<\/div>\n\t\t\t\t<\/div>\n\t\t<div class=\"elementor-element elementor-element-1cdfddb elementor-hidden-desktop elementor-hidden-tablet e-flex e-con-boxed e-con e-child\" data-id=\"1cdfddb\" data-element_type=\"container\">\n\t\t\t\t\t<div class=\"e-con-inner\">\n\t\t\t\t<div class=\"elementor-element elementor-element-0c0707c elementor-widget__width-initial elementor-widget elementor-widget-heading\" data-id=\"0c0707c\" data-element_type=\"widget\" data-widget_type=\"heading.default\">\n\t\t\t\t<div class=\"elementor-widget-container\">\n\t\t\t\t\t<h1 class=\"elementor-heading-title elementor-size-default\">LUQADDA <mark>GARGAAR<\/mark><\/h1>\t\t\t\t<\/div>\n\t\t\t\t<\/div>\n\t\t\t\t<div class=\"elementor-element elementor-element-a4ddbf6 elementor-widget-mobile__width-inherit elementor-widget elementor-widget-image\" data-id=\"a4ddbf6\" data-element_type=\"widget\" data-widget_type=\"image.default\">\n\t\t\t\t<div class=\"elementor-widget-container\">\n\t\t\t\t\t\t\t\t\t\t\t\t\t\t\t<img decoding=\"async\" src=\"https:\/\/www.consumerdirecttn.com\/wp-content\/uploads\/sites\/17\/2025\/08\/about-us-banner-mob.png\" title=\"\" alt=\"\" loading=\"lazy\" \/>\t\t\t\t\t\t\t\t\t\t\t\t\t\t\t<\/div>\n\t\t\t\t<\/div>\n\t\t\t\t\t<\/div>\n\t\t\t\t<\/div>\n\t\t\t\t<\/div>\n\t\t<div class=\"elementor-element elementor-element-7a733af e-flex e-con-boxed e-con e-parent\" data-id=\"7a733af\" data-element_type=\"container\">\n\t\t\t\t\t<div class=\"e-con-inner\">\n\t\t\t\t<div class=\"elementor-element elementor-element-dc8c920 elementor-widget elementor-widget-text-editor\" data-id=\"dc8c920\" data-element_type=\"widget\" data-widget_type=\"text-editor.default\">\n\t\t\t\t<div class=\"elementor-widget-container\">\n\t\t\t\t\t\t\t\t\t<h5>MA U BAAHAN TAHAY CAAWIN LUQADDA BILAASH AH?<\/h5><p>Haddii aad ku hadasho luqad aan Ingiriisi ahayn, caawimada luqadaada ayaa lagu heli karaa bilaash. Boggan waxa uu kuu sheegayaa sida aad ku heli karto caawimo luqad aan Ingiriisi ahayn. Waxay kaloo kuu sheegaysaa caawimo kale oo la heli karo.<\/p><h5>Isbaanish: Espa\u00f1ol<\/h5><p>ATENCI\u00d3N: si habla espa\u00f1ol, tiene a su disposici\u00f3n servicios gratuitos de asistencia ling\u00fc\u00edstica.<\/p><ul><li>CDTN Wellpoint: <a href=\"tel:888-398-0664\">888-398-0664<\/a> (TRS:711)<\/li><li>CDTN BlueCare Tennessee: <a href=\"tel:888-450-3240\">888-450-3240<\/a> (TRS:711)<\/li><li>CDTN UnitedHealthcare: <a href=\"tel:888-444-3109\">888-444-3109<\/a> (TRS:711)<\/li><li>CDTN DDA: <a href=\"tel:888-450-3242\">888-450-3242<\/a> (TRS:711)<\/li><\/ul>\t\t\t\t\t\t\t\t<\/div>\n\t\t\t\t<\/div>\n\t\t\t\t<div class=\"elementor-element elementor-element-e16bfb7 elementor-widget elementor-widget-text-editor\" data-id=\"e16bfb7\" data-element_type=\"widget\" data-widget_type=\"text-editor.default\">\n\t\t\t\t<div class=\"elementor-widget-container\">\n\t\t\t\t\t\t\t\t\t<h5>Kurdi: \u06a9\u0648\u0631\u062f\u06cc<\/h5><p>\u0627\u063a\u062f\u0631\u064a: \u0628\u0631\u062f\u06d5\u0633\u062a\u06d5.<\/p><p>CDTN Wellpoint: <a href=\"tel:888-398-0664\">888-398-0664<\/a> (TRS:711) <strong>\u2022<\/strong><br \/>CDTN BlueCare Tennessee: <a href=\"tel:888-450-3240\">888-450-3240<\/a> (TRS:711) <strong>\u2022<\/strong><br \/>CDTN UnitedHealthcare: <a href=\"tel:888-444-3109\">888-444-3109<\/a> (TRS:711) <strong>\u2022<\/strong><br \/>CDTN DDA: <a href=\"tel:888-450-3242\">888-450-3242<\/a> (TRS:711) <strong>\u2022<\/strong><\/p><h5>Carabi: \u0627\u0644\u0639\u0631\u0628\u064a\u0629<\/h5><p>\u0645\u0644\u062d\u0648\u0638\u0629: \u0627\u0630\u0627 \u062a\u062a\u0643\u0644\u0645 \u0627\u0644\u0644\u063a\u0629 \u0627\u0644\u0639\u0631\u0628\u064a\u0629 \u062e\u062f\u0645\u0627\u062a \u0627\u0644\u0645\u0633\u0627\u0639\u062f\u0629 \u0627\u0644\u0644\u063a\u0648\u064a\u0629 \u0645\u062a\u0648\u0641\u0631\u0629 \u0644\u0643 \u0645\u062c\u0627\u0646\u0627.<\/p><p>CDTN Wellpoint: <a href=\"tel:888-398-0664\">888-398-0664<\/a> (TRS:711) <strong>\u2022<\/strong><br \/>CDTN BlueCare Tennessee: <a href=\"tel:888-450-3240\">888-450-3240<\/a> (TRS:711) <strong>\u2022<\/strong><br \/>CDTN UnitedHealthcare: <a href=\"tel:888-444-3109\">888-444-3109<\/a> (TRS:711) <strong>\u2022<\/strong><br \/>CDTN DDA: <a href=\"tel:888-450-3242\">888-450-3242<\/a> (TRS:711) <strong>\u2022<\/strong><\/p>\t\t\t\t\t\t\t\t<\/div>\n\t\t\t\t<\/div>\n\t\t\t\t<div class=\"elementor-element elementor-element-4ede359 elementor-widget elementor-widget-text-editor\" data-id=\"4ede359\" data-element_type=\"widget\" data-widget_type=\"text-editor.default\">\n\t\t\t\t<div class=\"elementor-widget-container\">\n\t\t\t\t\t\t\t\t\t<h5>Shiine: \u7e41\u9ad4\u4e2d\u6587<\/h5><p>\u6ce8\u610f\uff1a\u5982\u679c\u60a8\u4f7f\u7528\u7e41\u9ad4\u4e2d\u6587\uff0c\u60a8\u53ef\u4ee5\u514d\u8cbb\u7372\u5f97\u8a9e\u8a00\u63f4\u52a9\u670d\u52d9\u3002<\/p><ul><li>CDTN Wellpoint: <a href=\"tel:888-398-0664\">888-398-0664<\/a> (TRS:711)<\/li><li>CDTN BlueCare Tennessee: <a href=\"tel:888-450-3240\">888-450-3240<\/a> (TRS:711)<\/li><li>CDTN UnitedHealthcare: <a href=\"tel:888-444-3109\">888-444-3109<\/a> (TRS:711)<\/li><li>CDTN DDA: <a href=\"tel:888-450-3242\">888-450-3242<\/a> (TRS:711)<\/li><\/ul><h5>Vietnamese: Ti\u1ebfng Vi\u1ec7t<\/h5><ul><li>CDTN Wellpoint: <a href=\"tel:888-398-0664\">888-398-0664<\/a> (TRS:711)<\/li><li>CDTN BlueCare Tennessee: <a href=\"tel:888-450-3240\">888-450-3240<\/a> (TRS:711)<\/li><li>CDTN UnitedHealthcare: <a href=\"tel:888-444-3109\">888-444-3109<\/a> (TRS:711)<\/li><li>CDTN DDA: <a href=\"tel:888-450-3242\">888-450-3242<\/a> (TRS:711)<\/li><\/ul><h5>Kuuriyaan: \ud55c\uad6d\uc5b4<\/h5><p>\uc8fc\uc758: \ud55c\uad6d\uc5b4\ub97c \uc0ac\uc6a9\ud558\uc2dc\ub294 \uacbd\uc6b0, \uc5b8\uc5b4 \uc9c0\uc6d0 \uc11c\ube44\uc2a4\ub97c<\/p><ul><li>CDTN Wellpoint: <a href=\"tel:888-398-0664\">888-398-0664<\/a> (TRS:711)<\/li><li>CDTN BlueCare Tennessee: <a href=\"tel:888-450-3240\">888-450-3240<\/a> (TRS:711)<\/li><li>CDTN UnitedHealthcare: <a href=\"tel:888-444-3109\">888-444-3109<\/a> (TRS:711)<\/li><li>CDTN DDA: <a href=\"tel:888-450-3242\">888-450-3242<\/a> (TRS:711)<\/li><\/ul><h5>Faransiis: Fran\u00e7ais<\/h5><p>FIIRO GAAR AH: Si vous parlez fran\u00e7ais, des services d&#039;aide linguisticque vous sont propos\u00e9s gratuitement.<\/p><ul><li>CDTN Wellpoint: <a href=\"tel:888-398-0664\">888-398-0664<\/a> (TRS:711)<\/li><li>CDTN BlueCare Tennessee: <a href=\"tel:888-450-3240\">888-450-3240<\/a> (TRS:711)<\/li><li>CDTN UnitedHealthcare: <a href=\"tel:888-444-3109\">888-444-3109<\/a> (TRS:711)<\/li><li>CDTN DDA: <a href=\"tel:888-450-3242\">888-450-3242<\/a> (TRS:711)<\/li><\/ul><h5>Amxaari: af-soomaali<\/h5><p>\u121b\u1235\u1273\u12c8\u123b: ay ku hadlaan luqadda, haddii \u12e8\u1275\u122d\u1309m gargaarka hay&#039;adaha, free \u120a\u12ebg\u12ce\u1275 lagu sameeyey;<\/p><ul><li>CDTN Wellpoint: <a href=\"tel:888-398-0664\">888-398-0664<\/a> (TRS:711)<\/li><li>CDTN BlueCare Tennessee: <a href=\"tel:888-450-3240\">888-450-3240<\/a> (TRS:711)<\/li><li>CDTN UnitedHealthcare: <a href=\"tel:888-444-3109\">888-444-3109<\/a> (TRS:711)<\/li><li>CDTN DDA: <a href=\"tel:888-450-3242\">888-450-3242<\/a> (TRS:711)<\/li><\/ul><h5>Gujarati: \u0a97\u0ac1\u0a9c\u0ab0\u0abe\u0aa4\u0ac0<\/h5><p>\u0ab8\u0ac1\u0a9a\u0aa8\u0abe: \u0a9c\u0acb \u0aa4\u0aae\u0ac7\u0a97\u0ac1\u0a9c\u0ab0\u0abe\u0aa4\u0ac0 \u0aac\u0acb\u0ab2\u0ac0 \u0aad\u0abe\u0ab7\u0abe \u0ab8\u0ab9\u0abe\u0aaf \u0ab8\u0ac7\u0ab5\u0abe\u0a93 \u0aa4\u0aae\u0abe\u0ab0\u0abe \u0aae\u0abe\u0a9f\u0ac7 \u0a89\u0aaa\u0ab2\u0aac\u0acd\u0aa7 \u0a9b\u0ac7.<\/p><ul><li>CDTN Wellpoint: <a href=\"tel:888-398-0664\">888-398-0664<\/a> (TRS:711)<\/li><li>CDTN BlueCare Tennessee: <a href=\"tel:888-450-3240\">888-450-3240<\/a> (TRS:711)<\/li><li>CDTN UnitedHealthcare: <a href=\"tel:888-444-3109\">888-444-3109<\/a> (TRS:711)<\/li><li>CDTN DDA: <a href=\"tel:888-450-3242\">888-450-3242<\/a> (TRS:711)<\/li><\/ul><h5>Laoti: \u0e9e\u0eb2\u0eaa\u0eb2\u0ea5\u0eb2\u0ea7<\/h5><p>. . .<\/p><ul><li>CDTN Wellpoint: <a href=\"tel:888-398-0664\">888-398-0664<\/a> (TRS:711)<\/li><li>CDTN BlueCare Tennessee: <a href=\"tel:888-450-3240\">888-450-3240<\/a> (TRS:711)<\/li><li>CDTN UnitedHealthcare: <a href=\"tel:888-444-3109\">888-444-3109<\/a> (TRS:711)<\/li><li>CDTN DDA: <a href=\"tel:888-450-3242\">888-450-3242<\/a> (TRS:711)<\/li><\/ul><h5>Jarmal: Deutsch<\/h5><p>ACHTUNG: Wenn Sie Deutsch sprechen, stehen Ihnen kostenlos sprachliche Hilfsdienstleistungen zur Verf\u00fc gung.<\/p><ul><li>CDTN Wellpoint: <a href=\"tel:888-398-0664\">888-398-0664<\/a> (TRS:711)<\/li><li>CDTN BlueCare Tennessee: <a href=\"tel:888-450-3240\">888-450-3240<\/a> (TRS:711)<\/li><li>CDTN UnitedHealthcare: <a href=\"tel:888-444-3109\">888-444-3109<\/a> (TRS:711)<\/li><li>CDTN DDA: <a href=\"tel:888-450-3242\">888-450-3242<\/a> (TRS:711)<\/li><\/ul><h5>Tagalog: Tagalog<\/h5><p>PAUNAWA: Kung nagsasalita ka ng Tagalog, maaari kang gumamit ng mga serbisyo ng tulong sa wika nang<br \/>walang bayad.<\/p><ul><li>CDTN Wellpoint: <a href=\"tel:888-398-0664\">888-398-0664<\/a> (TRS:711)<\/li><li>CDTN BlueCare Tennessee: <a href=\"tel:888-450-3240\">888-450-3240<\/a> (TRS:711)<\/li><li>CDTN UnitedHealthcare: <a href=\"tel:888-444-3109\">888-444-3109<\/a> (TRS:711)<\/li><li>CDTN DDA: <a href=\"tel:888-450-3242\">888-450-3242<\/a> (TRS:711)<\/li><\/ul><h5>Hindi: \u0939\u093f\u0902 \u0926\u0940<\/h5><p>\u0927\u094d\u092f\u093e \u0928 \u0926\u0947\u0902: \u092f\u0926\u093f \u0906\u092a \u0939\u093f\u0902 \u0926\u0940 \u092c\u094b \u0932\u0924\u0947 \u0939\u0948\u0902 \u0939\u0948\u0902\u0964<\/p><ul><li>CDTN Wellpoint: <a href=\"tel:888-398-0664\">888-398-0664<\/a> (TRS:711)<\/li><li>CDTN BlueCare Tennessee: <a href=\"tel:888-450-3240\">888-450-3240<\/a> (TRS:711)<\/li><li>CDTN UnitedHealthcare: <a href=\"tel:888-444-3109\">888-444-3109<\/a> (TRS:711)<\/li><li>CDTN DDA: <a href=\"tel:888-450-3242\">888-450-3242<\/a> (TRS:711)<\/li><\/ul><h5>Serbo-Croatian: Srpsko-hrvatski<\/h5><p>OBAVJE\u0160TENJE: Ako govorite srpsko-hrvatski, usluge jezi\u010dke pomo\u0107i dostupne su vam besplatno.<\/p><ul><li>CDTN Wellpoint: <a href=\"tel:888-398-0664\">888-398-0664<\/a> (TRS- Telefon za osobe sa o\u0161te\u0107enim govorom ili sluhom: 711)<\/li><li>CDTN BlueCare Tennessee: <a href=\"tel:888-450-3240\">888-450-3240<\/a> (TRS- Telefon za osobe sa o\u0161te\u0107enim govorom ili sluhom: 711)<\/li><li>CDTN UnitedHealthcare: <a href=\"tel:888-444-3109\">888-444-3109<\/a> ( (TRS- Telefon za osobe sa o\u0161te\u0107enim govorom ili sluhom: 711)<\/li><li>CDTN DDA: <a href=\"tel:888-450-3242\">888-450-3242<\/a> (TRS- Telefon za osobe sa o\u0161te\u0107enim govorom ili sluhom: 711)<\/li><\/ul><h5>Ruush: \u0420\u0443\u0441\u0441\u043a\u0438\u0439<\/h5><p>\u0412\u041d\u0418\u041c\u0410\u041d\u0418\u0415: \u0415\u0441\u043b\u0438 \u0432\u044b \u0433\u043e\u0432\u043e\u0440\u0438\u0442\u0435 \u043d\u0430 \u0440\u0443\u0441\u0441\u043a\u043e\u043c \u044f\u0437\u044b\u043a\u0435<\/p><ul><li>CDTN Wellpoint: <a href=\"tel:888-398-0664\">888-398-0664<\/a> (TRS:711)<\/li><li>CDTN BlueCare Tennessee: <a href=\"tel:888-450-3240\">888-450-3240<\/a> (TRS:711)<\/li><li>CDTN UnitedHealthcare: <a href=\"tel:888-444-3109\">888-444-3109<\/a> (TRS:711)<\/li><li>CDTN DDA: <a href=\"tel:888-450-3242\">888-450-3242<\/a> (TRS:711)<\/li><\/ul><h5>Nepali: \u0928\u0947\u092a\u093e \u0932\u0940<\/h5><p>\u0927\u094d\u092f\u093e \u0928 \u0926\u093f \u0928\u0941\u0939\u094b \u0938\u094d: \u0924\u092a\u093e \u0930\u094d\u0907\u0902 \u0932\u0947 \u0928\u0947\u092a\u093e \u0932\u0940. \u0928\u093f\u0903 \u0936\u0941\u0932\u094d\u0915 \u0930\u0942\u092a\u092e\u093e \u0909\u092a\u0932\u092c\u094d\u0927 \u091b \u0964<\/p><ul><li>CDTN Wellpoint: <a href=\"tel:888-398-0664\">888-398-0664<\/a> (TRS:711)<\/li><li>CDTN BlueCare Tennessee: <a href=\"tel:888-450-3240\">888-450-3240<\/a> (TRS:711)<\/li><li>CDTN UnitedHealthcare: <a href=\"tel:888-444-3109\">888-444-3109<\/a> (TRS:711)<\/li><li>CDTN DDA: <a href=\"tel:888-450-3242\">888-450-3242<\/a> (TRS:711)<\/li><\/ul>\t\t\t\t\t\t\t\t<\/div>\n\t\t\t\t<\/div>\n\t\t\t\t<div class=\"elementor-element elementor-element-4bdc46f elementor-widget elementor-widget-text-editor\" data-id=\"4bdc46f\" data-element_type=\"widget\" data-widget_type=\"text-editor.default\">\n\t\t\t\t<div class=\"elementor-widget-container\">\n\t\t\t\t\t\t\t\t\t<h5>Faaris: \u0641\u0627\u0631\u0633\u06cc<\/h5><p>\u062a\u0648\u062c\u0647: \u0627\u06af\u0631 \u0628\u0647 \u0632\u0628\u0627\u0646 \u0641\u0631\u0633\u06cc \u06af\u0641\u062a\u0648 \u0645\u06cc \u06a9\u0646\u06cc\u062f\u060c \u062a\u0633\u0647\u06cc\u0627\u0644\u062a \u0632\u0628\u0627\u0646\u06cc \u0628\u0635\u0648\u0631\u062a \u0631\u0627\u06cc\u06af\u0627\u0646 \u0628\u0631\u0627\u06cc \u0634\u0645\u0627 \u0641\u0631\u0627\u0647\u0645 \u0645\u06cc \u0628\u0627\u0634\u062f.<\/p><p>CDTN Wellpoint: <a href=\"tel:888-398-0664\">888-398-0664<\/a> (TRS:711) <strong>\u2022<\/strong><br \/>CDTN BlueCare Tennessee: <a href=\"tel:888-450-3240\">888-450-3240<\/a> (TRS:711) <strong>\u2022<\/strong><br \/>CDTN UnitedHealthcare: <a href=\"tel:888-444-3109\">888-444-3109<\/a> (TRS:711) <strong>\u2022<\/strong><br \/>CDTN DDA: <a href=\"tel:888-450-3242\">888-450-3242<\/a> (TRS:711) <strong>\u2022<\/strong><\/p>\t\t\t\t\t\t\t\t<\/div>\n\t\t\t\t<\/div>\n\t\t\t\t\t<\/div>\n\t\t\t\t<\/div>\n\t\t\t\t<\/div>","protected":false},"excerpt":{"rendered":"<p>MA U BAAHAN TAHAY CAAWIMO LUQAD BILAASH AH? Haddii aad ku hadasho luqad aan Ingiriisi ahayn, caawimo luqaddaada ah ayaa bilaash ah. Boggan wuxuu kuu sheegayaa sida loo helo caawimo luqad aan Ingiriisi ahayn. Waxa kale oo uu kuu sheegayaa caawimo kale oo la heli karo. Isbaanish: Isbaanish: ATENCI\u00d3N: si habla Isbaanish, tiene a su disposici\u00f3n [\u2026]<\/p>","protected":false},"author":9,"featured_media":0,"parent":0,"menu_order":0,"comment_status":"closed","ping_status":"closed","template":"","meta":{"_acf_changed":false,"footnotes":""},"class_list":["post-3050","page","type-page","status-publish","hentry"],"acf":[],"yoast_head":"<!-- This site is optimized with the Yoast SEO plugin v26.0 - https:\/\/yoast.com\/wordpress\/plugins\/seo\/ -->\n<title>Language Help - Tennessee - Consumer Direct Care<\/title>\n<meta name=\"robots\" content=\"index, follow, max-snippet:-1, max-image-preview:large, max-video-preview:-1\" \/>\n<link rel=\"canonical\" href=\"https:\/\/www.consumerdirecttn.com\/so\/language-help\/\" \/>\n<meta property=\"og:locale\" content=\"so_SO\" \/>\n<meta property=\"og:type\" content=\"article\" \/>\n<meta property=\"og:title\" content=\"Language Help - Tennessee - Consumer Direct Care\" \/>\n<meta property=\"og:description\" content=\"DO YOU NEED FREE LANGUAGE HELP? If you speak a language other than English, help in your language is available for free. This page tells you how to get help in a language other than English. It also tells you about other help that\u2019s available. Spanish: Espa\u00f1ol ATENCI\u00d3N: si habla espa\u00f1ol, tiene a su disposici\u00f3n [&hellip;]\" \/>\n<meta property=\"og:url\" content=\"https:\/\/www.consumerdirecttn.com\/so\/language-help\/\" \/>\n<meta property=\"og:site_name\" content=\"Tennessee - Consumer Direct Care\" \/>\n<meta property=\"article:modified_time\" content=\"2025-10-31T09:29:53+00:00\" \/>\n<meta name=\"twitter:card\" content=\"summary_large_image\" \/>\n<meta name=\"twitter:label1\" content=\"Est. reading time\" \/>\n\t<meta name=\"twitter:data1\" content=\"4 minutes\" \/>\n<script type=\"application\/ld+json\" class=\"yoast-schema-graph\">{\"@context\":\"https:\/\/schema.org\",\"@graph\":[{\"@type\":\"WebPage\",\"@id\":\"https:\/\/www.consumerdirecttn.com\/language-help\/\",\"url\":\"https:\/\/www.consumerdirecttn.com\/language-help\/\",\"name\":\"Language Help - Tennessee - Consumer Direct Care\",\"isPartOf\":{\"@id\":\"https:\/\/www.consumerdirecttn.com\/#website\"},\"datePublished\":\"2025-10-08T09:29:35+00:00\",\"dateModified\":\"2025-10-31T09:29:53+00:00\",\"breadcrumb\":{\"@id\":\"https:\/\/www.consumerdirecttn.com\/language-help\/#breadcrumb\"},\"inLanguage\":\"so\",\"potentialAction\":[{\"@type\":\"ReadAction\",\"target\":[\"https:\/\/www.consumerdirecttn.com\/language-help\/\"]}]},{\"@type\":\"BreadcrumbList\",\"@id\":\"https:\/\/www.consumerdirecttn.com\/language-help\/#breadcrumb\",\"itemListElement\":[{\"@type\":\"ListItem\",\"position\":1,\"name\":\"Home\",\"item\":\"https:\/\/www.consumerdirecttn.com\/\"},{\"@type\":\"ListItem\",\"position\":2,\"name\":\"Language Help\"}]},{\"@type\":\"WebSite\",\"@id\":\"https:\/\/www.consumerdirecttn.com\/#website\",\"url\":\"https:\/\/www.consumerdirecttn.com\/\",\"name\":\"Tennessee - Consumer Direct Care\",\"description\":\"\",\"publisher\":{\"@id\":\"https:\/\/www.consumerdirecttn.com\/#organization\"},\"potentialAction\":[{\"@type\":\"SearchAction\",\"target\":{\"@type\":\"EntryPoint\",\"urlTemplate\":\"https:\/\/www.consumerdirecttn.com\/?s={search_term_string}\"},\"query-input\":{\"@type\":\"PropertyValueSpecification\",\"valueRequired\":true,\"valueName\":\"search_term_string\"}}],\"inLanguage\":\"so\"},{\"@type\":\"Organization\",\"@id\":\"https:\/\/www.consumerdirecttn.com\/#organization\",\"name\":\"Tennessee - Consumer Direct Care\",\"url\":\"https:\/\/www.consumerdirecttn.com\/\",\"logo\":{\"@type\":\"ImageObject\",\"inLanguage\":\"so\",\"@id\":\"https:\/\/www.consumerdirecttn.com\/#\/schema\/logo\/image\/\",\"url\":\"https:\/\/www.consumerdirecttn.com\/wp-content\/uploads\/sites\/17\/2025\/08\/tennessee-logo-dark.png\",\"contentUrl\":\"https:\/\/www.consumerdirecttn.com\/wp-content\/uploads\/sites\/17\/2025\/08\/tennessee-logo-dark.png\",\"width\":159,\"height\":48,\"caption\":\"Tennessee - Consumer Direct Care\"},\"image\":{\"@id\":\"https:\/\/www.consumerdirecttn.com\/#\/schema\/logo\/image\/\"}}]}<\/script>\n<!-- \/ Yoast SEO plugin. -->","yoast_head_json":{"title":"Language Help - Tennessee - Consumer Direct Care","robots":{"index":"index","follow":"follow","max-snippet":"max-snippet:-1","max-image-preview":"max-image-preview:large","max-video-preview":"max-video-preview:-1"},"canonical":"https:\/\/www.consumerdirecttn.com\/so\/language-help\/","og_locale":"so_SO","og_type":"article","og_title":"Language Help - Tennessee - Consumer Direct Care","og_description":"DO YOU NEED FREE LANGUAGE HELP? If you speak a language other than English, help in your language is available for free. This page tells you how to get help in a language other than English. It also tells you about other help that\u2019s available. Spanish: Espa\u00f1ol ATENCI\u00d3N: si habla espa\u00f1ol, tiene a su disposici\u00f3n [&hellip;]","og_url":"https:\/\/www.consumerdirecttn.com\/so\/language-help\/","og_site_name":"Tennessee - Consumer Direct Care","article_modified_time":"2025-10-31T09:29:53+00:00","twitter_card":"summary_large_image","twitter_misc":{"Est. reading time":"4 minutes"},"schema":{"@context":"https:\/\/schema.org","@graph":[{"@type":"WebPage","@id":"https:\/\/www.consumerdirecttn.com\/language-help\/","url":"https:\/\/www.consumerdirecttn.com\/language-help\/","name":"Language Help - Tennessee - Consumer Direct Care","isPartOf":{"@id":"https:\/\/www.consumerdirecttn.com\/#website"},"datePublished":"2025-10-08T09:29:35+00:00","dateModified":"2025-10-31T09:29:53+00:00","breadcrumb":{"@id":"https:\/\/www.consumerdirecttn.com\/language-help\/#breadcrumb"},"inLanguage":"so","potentialAction":[{"@type":"ReadAction","target":["https:\/\/www.consumerdirecttn.com\/language-help\/"]}]},{"@type":"BreadcrumbList","@id":"https:\/\/www.consumerdirecttn.com\/language-help\/#breadcrumb","itemListElement":[{"@type":"ListItem","position":1,"name":"Home","item":"https:\/\/www.consumerdirecttn.com\/"},{"@type":"ListItem","position":2,"name":"Language Help"}]},{"@type":"WebSite","@id":"https:\/\/www.consumerdirecttn.com\/#website","url":"https:\/\/www.consumerdirecttn.com\/","name":"Tennessee - Daryeelka tooska ah ee macaamiisha","description":"","publisher":{"@id":"https:\/\/www.consumerdirecttn.com\/#organization"},"potentialAction":[{"@type":"SearchAction","target":{"@type":"EntryPoint","urlTemplate":"https:\/\/www.consumerdirecttn.com\/?s={search_term_string}"},"query-input":{"@type":"PropertyValueSpecification","valueRequired":true,"valueName":"search_term_string"}}],"inLanguage":"so"},{"@type":"Organization","@id":"https:\/\/www.consumerdirecttn.com\/#organization","name":"Tennessee - Daryeelka tooska ah ee macaamiisha","url":"https:\/\/www.consumerdirecttn.com\/","logo":{"@type":"ImageObject","inLanguage":"so","@id":"https:\/\/www.consumerdirecttn.com\/#\/schema\/logo\/image\/","url":"https:\/\/www.consumerdirecttn.com\/wp-content\/uploads\/sites\/17\/2025\/08\/tennessee-logo-dark.png","contentUrl":"https:\/\/www.consumerdirecttn.com\/wp-content\/uploads\/sites\/17\/2025\/08\/tennessee-logo-dark.png","width":159,"height":48,"caption":"Tennessee - Consumer Direct Care"},"image":{"@id":"https:\/\/www.consumerdirecttn.com\/#\/schema\/logo\/image\/"}}]}},"_links":{"self":[{"href":"https:\/\/www.consumerdirecttn.com\/so\/wp-json\/wp\/v2\/pages\/3050","targetHints":{"allow":["GET"]}}],"collection":[{"href":"https:\/\/www.consumerdirecttn.com\/so\/wp-json\/wp\/v2\/pages"}],"about":[{"href":"https:\/\/www.consumerdirecttn.com\/so\/wp-json\/wp\/v2\/types\/page"}],"author":[{"embeddable":true,"href":"https:\/\/www.consumerdirecttn.com\/so\/wp-json\/wp\/v2\/users\/9"}],"replies":[{"embeddable":true,"href":"https:\/\/www.consumerdirecttn.com\/so\/wp-json\/wp\/v2\/comments?post=3050"}],"version-history":[{"count":71,"href":"https:\/\/www.consumerdirecttn.com\/so\/wp-json\/wp\/v2\/pages\/3050\/revisions"}],"predecessor-version":[{"id":3727,"href":"https:\/\/www.consumerdirecttn.com\/so\/wp-json\/wp\/v2\/pages\/3050\/revisions\/3727"}],"wp:attachment":[{"href":"https:\/\/www.consumerdirecttn.com\/so\/wp-json\/wp\/v2\/media?parent=3050"}],"curies":[{"name":"wp","href":"https:\/\/api.w.org\/{rel}","templated":true}]}}