{"id":232,"date":"2025-08-01T07:25:26","date_gmt":"2025-08-01T07:25:26","guid":{"rendered":"https:\/\/staging-prod-tn.cdcndevelopment.com\/about-us\/"},"modified":"2025-11-07T02:14:28","modified_gmt":"2025-11-07T02:14:28","slug":"about-us","status":"publish","type":"page","link":"https:\/\/www.consumerdirecttn.com\/vi\/about-us\/","title":{"rendered":"Gi\u1edbi thi\u1ec7u v\u1ec1 ch\u00fang t\u00f4i"},"content":{"rendered":"<div data-elementor-type=\"wp-page\" data-elementor-id=\"232\" class=\"elementor elementor-232\" data-elementor-post-type=\"page\">\n\t\t\t\t<div class=\"elementor-element elementor-element-7be8d8cb e-con-full elementor-hidden-desktop e-flex e-con e-parent\" data-id=\"7be8d8cb\" data-element_type=\"container\" data-settings=\"{&quot;background_background&quot;:&quot;classic&quot;}\">\n\t\t\t\t<div class=\"elementor-element elementor-element-bcef6ba elementor-widget elementor-widget-n-accordion\" data-id=\"bcef6ba\" data-element_type=\"widget\" id=\"accordion-sticky-list-mb\" data-settings=\"{&quot;default_state&quot;:&quot;all_collapsed&quot;,&quot;max_items_expended&quot;:&quot;one&quot;,&quot;n_accordion_animation_duration&quot;:{&quot;unit&quot;:&quot;ms&quot;,&quot;size&quot;:400,&quot;sizes&quot;:[]}}\" data-widget_type=\"nested-accordion.default\">\n\t\t\t\t<div class=\"elementor-widget-container\">\n\t\t\t\t\t\t\t<div class=\"e-n-accordion\" aria-label=\"Accordion. M\u1edf li\u00ean k\u1ebft b\u1eb1ng ph\u00edm Enter ho\u1eb7c ph\u00edm c\u00e1ch, \u0111\u00f3ng b\u1eb1ng ph\u00edm Escape v\u00e0 \u0111i\u1ec1u h\u01b0\u1edbng b\u1eb1ng ph\u00edm m\u0169i t\u00ean\">\n\t\t\t\t\t\t<details id=\"e-n-accordion-item-1980\" class=\"e-n-accordion-item\" >\n\t\t\t\t<summary class=\"e-n-accordion-item-title\" data-accordion-index=\"1\" tabindex=\"0\" aria-expanded=\"false\" aria-controls=\"e-n-accordion-item-1980\" >\n\t\t\t\t\t<span class='e-n-accordion-item-title-header'><div class=\"e-n-accordion-item-title-text\"> Ch\u1ecdn ph\u1ea7n <\/div><\/span>\n\t\t\t\t\t\t\t<span class='e-n-accordion-item-title-icon'>\n\t\t\t<span class='e-opened' ><svg xmlns=\"http:\/\/www.w3.org\/2000\/svg\" width=\"24\" height=\"24\" viewbox=\"0 0 24 24\" fill=\"none\"><path d=\"M5 13V11H19V13H5Z\" fill=\"#003764\"><\/path><\/svg><\/span>\n\t\t\t<span class='e-closed'><svg xmlns=\"http:\/\/www.w3.org\/2000\/svg\" width=\"24\" height=\"24\" viewbox=\"0 0 24 24\" fill=\"none\"><path d=\"M11 13H5V11H11V5H13V11H19V13H13V19H11V13Z\" fill=\"#003764\"><\/path><\/svg><\/span>\n\t\t<\/span>\n\n\t\t\t\t\t\t<\/summary>\n\t\t\t\t<div role=\"region\" aria-labelledby=\"e-n-accordion-item-1980\" class=\"elementor-element elementor-element-7cef7e95 e-con-full e-flex e-con e-child\" data-id=\"7cef7e95\" data-element_type=\"container\">\n\t\t\t\t<div class=\"elementor-element elementor-element-3c7b42bc sticky-list-mb elementor-icon-list--layout-traditional elementor-list-item-link-full_width elementor-widget elementor-widget-icon-list\" data-id=\"3c7b42bc\" data-element_type=\"widget\" data-widget_type=\"icon-list.default\">\n\t\t\t\t<div class=\"elementor-widget-container\">\n\t\t\t\t\t\t\t<ul class=\"elementor-icon-list-items\">\n\t\t\t\t\t\t\t<li class=\"elementor-icon-list-item\">\n\t\t\t\t\t\t\t\t\t\t\t<a href=\"#what-we-do\">\n\n\t\t\t\t\t\t\t\t\t\t\t<span class=\"elementor-icon-list-text\">Ch\u00fang t\u00f4i l\u00e0m g\u00ec<\/span>\n\t\t\t\t\t\t\t\t\t\t\t<\/a>\n\t\t\t\t\t\t\t\t\t<\/li>\n\t\t\t\t\t\t\t\t<li class=\"elementor-icon-list-item\">\n\t\t\t\t\t\t\t\t\t\t\t<a href=\"#our-community\">\n\n\t\t\t\t\t\t\t\t\t\t\t<span class=\"elementor-icon-list-text\">C\u1ed9ng \u0111\u1ed3ng c\u1ee7a ch\u00fang t\u00f4i<\/span>\n\t\t\t\t\t\t\t\t\t\t\t<\/a>\n\t\t\t\t\t\t\t\t\t<\/li>\n\t\t\t\t\t\t<\/ul>\n\t\t\t\t\t\t<\/div>\n\t\t\t\t<\/div>\n\t\t\t\t<\/div>\n\t\t\t\t\t<\/details>\n\t\t\t\t\t<\/div>\n\t\t\t\t\t\t<\/div>\n\t\t\t\t<\/div>\n\t\t\t\t<\/div>\n\t\t<div class=\"elementor-element elementor-element-7312000d e-con-full e-flex e-con e-parent\" data-id=\"7312000d\" data-element_type=\"container\" data-settings=\"{&quot;background_background&quot;:&quot;classic&quot;}\">\n\t\t<div class=\"elementor-element elementor-element-34f8db6f e-con-full elementor-hidden-mobile e-flex e-con e-child\" data-id=\"34f8db6f\" data-element_type=\"container\" data-settings=\"{&quot;background_background&quot;:&quot;classic&quot;}\">\n\t\t\t\t<div class=\"elementor-element elementor-element-114f700c section-tag-banner elementor-widget elementor-widget-heading\" data-id=\"114f700c\" data-element_type=\"widget\" data-widget_type=\"heading.default\">\n\t\t\t\t<div class=\"elementor-widget-container\">\n\t\t\t\t\t<h3 class=\"elementor-heading-title elementor-size-default\">Gi\u1edbi thi\u1ec7u v\u1ec1 ch\u00fang t\u00f4i<\/h3>\t\t\t\t<\/div>\n\t\t\t\t<\/div>\n\t\t\t\t<div class=\"elementor-element elementor-element-783650d5 elementor-widget__width-initial elementor-widget elementor-widget-heading\" data-id=\"783650d5\" data-element_type=\"widget\" data-widget_type=\"heading.default\">\n\t\t\t\t<div class=\"elementor-widget-container\">\n\t\t\t\t\t<h1 class=\"elementor-heading-title elementor-size-default\">M\u1ed8T V\u0102N H\u00d3A C\u1ee6A <mark>CH\u0102M S\u00d3C B\u1ea0N<\/mark><\/h1>\t\t\t\t<\/div>\n\t\t\t\t<\/div>\n\t\t\t\t<\/div>\n\t\t<div class=\"elementor-element elementor-element-2b86978 elementor-hidden-desktop elementor-hidden-tablet e-flex e-con-boxed e-con e-child\" data-id=\"2b86978\" data-element_type=\"container\">\n\t\t\t\t\t<div class=\"e-con-inner\">\n\t\t\t\t<div class=\"elementor-element elementor-element-67ad2935 section-tag-grey elementor-widget elementor-widget-heading\" data-id=\"67ad2935\" data-element_type=\"widget\" data-widget_type=\"heading.default\">\n\t\t\t\t<div class=\"elementor-widget-container\">\n\t\t\t\t\t<h2 class=\"elementor-heading-title elementor-size-default\">Gi\u1edbi thi\u1ec7u v\u1ec1 ch\u00fang t\u00f4i<\/h2>\t\t\t\t<\/div>\n\t\t\t\t<\/div>\n\t\t\t\t<div class=\"elementor-element elementor-element-39f5cbd5 elementor-widget__width-initial elementor-widget elementor-widget-heading\" data-id=\"39f5cbd5\" data-element_type=\"widget\" data-widget_type=\"heading.default\">\n\t\t\t\t<div class=\"elementor-widget-container\">\n\t\t\t\t\t<h1 class=\"elementor-heading-title elementor-size-default\">M\u1ed8T V\u0102N H\u00d3A C\u1ee6A <mark>CH\u0102M S\u00d3C B\u1ea0N<\/mark><\/h1>\t\t\t\t<\/div>\n\t\t\t\t<\/div>\n\t\t\t\t<div class=\"elementor-element elementor-element-741d30c4 elementor-widget-mobile__width-inherit elementor-widget elementor-widget-image\" data-id=\"741d30c4\" data-element_type=\"widget\" data-widget_type=\"image.default\">\n\t\t\t\t<div class=\"elementor-widget-container\">\n\t\t\t\t\t\t\t\t\t\t\t\t\t\t\t<img decoding=\"async\" src=\"https:\/\/www.consumerdirecttn.com\/wp-content\/uploads\/sites\/17\/2025\/08\/about-us-banner-mob.png\" title=\"\" alt=\"\" loading=\"lazy\" \/>\t\t\t\t\t\t\t\t\t\t\t\t\t\t\t<\/div>\n\t\t\t\t<\/div>\n\t\t\t\t\t<\/div>\n\t\t\t\t<\/div>\n\t\t\t\t<\/div>\n\t\t<div class=\"elementor-element elementor-element-124336c7 e-con-full e-flex e-con e-parent\" data-id=\"124336c7\" data-element_type=\"container\" id=\"what-we-do\" data-settings=\"{&quot;background_background&quot;:&quot;classic&quot;}\">\n\t\t<div class=\"elementor-element elementor-element-5369bf05 e-con-full elementor-hidden-tablet elementor-hidden-mobile e-flex e-con e-child\" data-id=\"5369bf05\" data-element_type=\"container\">\n\t\t\t\t<div class=\"elementor-element elementor-element-19fc2e4 sticky-list elementor-icon-list--layout-traditional elementor-list-item-link-full_width elementor-widget elementor-widget-icon-list\" data-id=\"19fc2e4\" data-element_type=\"widget\" data-settings=\"{&quot;sticky&quot;:&quot;top&quot;,&quot;sticky_offset&quot;:150,&quot;sticky_on&quot;:[&quot;desktop&quot;],&quot;sticky_effects_offset&quot;:0,&quot;sticky_anchor_link_offset&quot;:0}\" data-widget_type=\"icon-list.default\">\n\t\t\t\t<div class=\"elementor-widget-container\">\n\t\t\t\t\t\t\t<ul class=\"elementor-icon-list-items\">\n\t\t\t\t\t\t\t<li class=\"elementor-icon-list-item\">\n\t\t\t\t\t\t\t\t\t\t\t<a href=\"#what-we-do\">\n\n\t\t\t\t\t\t\t\t\t\t\t<span class=\"elementor-icon-list-text\">Ch\u00fang t\u00f4i l\u00e0m g\u00ec<\/span>\n\t\t\t\t\t\t\t\t\t\t\t<\/a>\n\t\t\t\t\t\t\t\t\t<\/li>\n\t\t\t\t\t\t\t\t<li class=\"elementor-icon-list-item\">\n\t\t\t\t\t\t\t\t\t\t\t<a href=\"#our-community\">\n\n\t\t\t\t\t\t\t\t\t\t\t<span class=\"elementor-icon-list-text\">C\u1ed9ng \u0111\u1ed3ng c\u1ee7a ch\u00fang t\u00f4i<\/span>\n\t\t\t\t\t\t\t\t\t\t\t<\/a>\n\t\t\t\t\t\t\t\t\t<\/li>\n\t\t\t\t\t\t<\/ul>\n\t\t\t\t\t\t<\/div>\n\t\t\t\t<\/div>\n\t\t\t\t<\/div>\n\t\t<div class=\"elementor-element elementor-element-1f6006a6 e-con-full e-flex e-con e-child\" data-id=\"1f6006a6\" data-element_type=\"container\">\n\t\t<div class=\"elementor-element elementor-element-59ebbbc e-con-full e-flex e-con e-child\" data-id=\"59ebbbc\" data-element_type=\"container\">\n\t\t<div class=\"elementor-element elementor-element-573c2ee5 e-con-full e-flex e-con e-child\" data-id=\"573c2ee5\" data-element_type=\"container\">\n\t\t<div class=\"elementor-element elementor-element-2a9de8dc e-con-full e-flex e-con e-child\" data-id=\"2a9de8dc\" data-element_type=\"container\">\n\t\t\t\t<div class=\"elementor-element elementor-element-661cdf6 section-tag-grey elementor-widget elementor-widget-heading\" data-id=\"661cdf6\" data-element_type=\"widget\" data-widget_type=\"heading.default\">\n\t\t\t\t<div class=\"elementor-widget-container\">\n\t\t\t\t\t<h2 class=\"elementor-heading-title elementor-size-default\">Ch\u00fang t\u00f4i l\u00e0m g\u00ec<\/h2>\t\t\t\t<\/div>\n\t\t\t\t<\/div>\n\t\t\t\t<div class=\"elementor-element elementor-element-72ef10bf elementor-widget elementor-widget-text-editor\" data-id=\"72ef10bf\" data-element_type=\"widget\" data-widget_type=\"text-editor.default\">\n\t\t\t\t<div class=\"elementor-widget-container\">\n\t\t\t\t\t\t\t\t\t<h3>D\u1ecbch v\u1ee5 ch\u0103m s\u00f3c t\u1ea1i nh\u00e0 tr\u00ean to\u00e0n bang Tennessee.<\/h3>\n<p>M\u1ea1ng l\u01b0\u1edbi Ch\u0103m s\u00f3c Tr\u1ef1c ti\u1ebfp cho Ng\u01b0\u1eddi ti\u00eau d\u00f9ng Tennessee (CDTN) cung c\u1ea5p d\u1ecbch v\u1ee5 qu\u1ea3n l\u00fd t\u00e0i ch\u00ednh v\u00e0 h\u1ed7 tr\u1ee3 m\u00f4i gi\u1edbi cho c\u00e1c d\u1ecbch v\u1ee5 ch\u0103m s\u00f3c t\u1ea1i nh\u00e0 v\u00e0 c\u1ed9ng \u0111\u1ed3ng do ng\u01b0\u1eddi ti\u00eau d\u00f9ng t\u1ef1 qu\u1ea3n l\u00fd (HCBS) c\u1ee7a TennCare.<\/p>\n<p>Ch\u00fang t\u00f4i cung c\u1ea5p ch\u0103m s\u00f3c v\u00e0 h\u1ed7 tr\u1ee3 cho c\u00e1c gia \u0111\u00ecnh v\u00e0 m\u1ecdi l\u1ee9a tu\u1ed5i, bao g\u1ed3m ng\u01b0\u1eddi cao tu\u1ed5i, tr\u1ebb em v\u00e0 nh\u1eefng ng\u01b0\u1eddi c\u00f3 khuy\u1ebft t\u1eadt v\u1ec1 th\u1ec3 ch\u1ea5t, tr\u00ed tu\u1ec7 ho\u1eb7c ph\u00e1t tri\u1ec3n, \u0111\u1ec3 h\u1ecd c\u00f3 th\u1ec3 duy tr\u00ec s\u1ef1 an to\u00e0n, s\u1ee9c kh\u1ecfe v\u00e0 \u0111\u1ed9c l\u1eadp trong ng\u00f4i nh\u00e0 v\u00e0 c\u1ed9ng \u0111\u1ed3ng c\u1ee7a m\u00ecnh.<\/p>\n\t\t\t\t\t\t\t\t<\/div>\n\t\t\t\t<\/div>\n\t\t\t\t<\/div>\n\t\t\t\t<\/div>\n\t\t<div class=\"elementor-element elementor-element-dfb25e7 e-con-full e-flex e-con e-child\" data-id=\"dfb25e7\" data-element_type=\"container\">\n\t\t\t\t<div class=\"elementor-element elementor-element-4a23341f elementor-widget-mobile__width-inherit elementor-widget elementor-widget-image\" data-id=\"4a23341f\" data-element_type=\"widget\" data-widget_type=\"image.default\">\n\t\t\t\t<div class=\"elementor-widget-container\">\n\t\t\t\t\t\t\t\t\t\t\t\t\t\t\t<img decoding=\"async\" src=\"https:\/\/www.consumerdirecttn.com\/wp-content\/uploads\/sites\/17\/2025\/08\/what-we-do.png\" title=\"\" alt=\"\" loading=\"lazy\" \/>\t\t\t\t\t\t\t\t\t\t\t\t\t\t\t<\/div>\n\t\t\t\t<\/div>\n\t\t\t\t<\/div>\n\t\t\t\t<\/div>\n\t\t\t\t<\/div>\n\t\t\t\t<\/div>\n\t\t<div class=\"elementor-element elementor-element-38b392f0 e-con-full e-flex e-con e-parent\" data-id=\"38b392f0\" data-element_type=\"container\" id=\"our-community\" data-settings=\"{&quot;background_background&quot;:&quot;classic&quot;}\">\n\t\t<div class=\"elementor-element elementor-element-458e986b e-con-full elementor-hidden-tablet elementor-hidden-mobile e-flex e-con e-child\" data-id=\"458e986b\" data-element_type=\"container\">\n\t\t\t\t<\/div>\n\t\t<div class=\"elementor-element elementor-element-7278d67d e-con-full e-flex e-con e-child\" data-id=\"7278d67d\" data-element_type=\"container\">\n\t\t<div class=\"elementor-element elementor-element-3f00d951 e-con-full e-flex e-con e-child\" data-id=\"3f00d951\" data-element_type=\"container\" data-settings=\"{&quot;background_background&quot;:&quot;classic&quot;}\">\n\t\t<div class=\"elementor-element elementor-element-57f94f10 e-con-full e-flex e-con e-child\" data-id=\"57f94f10\" data-element_type=\"container\">\n\t\t\t\t<div class=\"elementor-element elementor-element-57ef66a2 elementor-widget-mobile__width-inherit elementor-widget elementor-widget-image\" data-id=\"57ef66a2\" data-element_type=\"widget\" data-widget_type=\"image.default\">\n\t\t\t\t<div class=\"elementor-widget-container\">\n\t\t\t\t\t\t\t\t\t\t\t\t\t\t\t<img decoding=\"async\" src=\"https:\/\/www.consumerdirecttn.com\/wp-content\/uploads\/sites\/17\/2025\/08\/our-community.png\" title=\"\" alt=\"\" loading=\"lazy\" \/>\t\t\t\t\t\t\t\t\t\t\t\t\t\t\t<\/div>\n\t\t\t\t<\/div>\n\t\t\t\t<\/div>\n\t\t<div class=\"elementor-element elementor-element-5dd209b1 e-con-full e-flex e-con e-child\" data-id=\"5dd209b1\" data-element_type=\"container\">\n\t\t\t\t<div class=\"elementor-element elementor-element-38d91d9f section-tag-white elementor-widget elementor-widget-heading\" data-id=\"38d91d9f\" data-element_type=\"widget\" data-widget_type=\"heading.default\">\n\t\t\t\t<div class=\"elementor-widget-container\">\n\t\t\t\t\t<h2 class=\"elementor-heading-title elementor-size-default\">C\u1ed9ng \u0111\u1ed3ng c\u1ee7a ch\u00fang t\u00f4i<\/h2>\t\t\t\t<\/div>\n\t\t\t\t<\/div>\n\t\t\t\t<div class=\"elementor-element elementor-element-1c681ef8 elementor-widget elementor-widget-text-editor\" data-id=\"1c681ef8\" data-element_type=\"widget\" data-widget_type=\"text-editor.default\">\n\t\t\t\t<div class=\"elementor-widget-container\">\n\t\t\t\t\t\t\t\t\t<h3>\u0110\u01b0\u1ee3c th\u00fac \u0111\u1ea9y b\u1edfi s\u1ef1 k\u1ebft n\u1ed1i con ng\u01b0\u1eddi<\/h3>\n<p>Tr\u00ean kh\u1eafp Tennessee v\u00e0 to\u00e0n qu\u1ed1c, ch\u00fang t\u00f4i h\u1ed7 tr\u1ee3 nh\u1eefng ng\u01b0\u1eddi nh\u01b0 b\u1ea1n \u2013 kh\u00e1ch h\u00e0ng, ng\u01b0\u1eddi ch\u0103m s\u00f3c v\u00e0 \u0111\u1ea1i di\u1ec7n \u0111\u01b0\u1ee3c \u1ee7y quy\u1ec1n \u2013 nh\u1eefng ng\u01b0\u1eddi tr\u1ef1c ti\u1ebfp tham gia v\u00e0o c\u00e1c d\u1ecbch v\u1ee5 t\u1ea1i nh\u00e0. Ch\u00fang t\u00f4i m\u1eddi b\u1ea1n t\u00ecm hi\u1ec3u v\u1ec1 m\u1ed9t s\u1ed1 c\u00e1ch ch\u00fang ta c\u00f3 th\u1ec3 k\u1ebft n\u1ed1i v\u1edbi nhau nh\u01b0 m\u1ed9t c\u1ed9ng \u0111\u1ed3ng. Ch\u00fang t\u00f4i tin r\u1eb1ng ch\u00fang ta c\u00f3 th\u1ec3 \u0111\u1ea1t \u0111\u01b0\u1ee3c nhi\u1ec1u h\u01a1n khi c\u00f9ng nhau h\u1ee3p t\u00e1c.<\/p>\n\t\t\t\t\t\t\t\t<\/div>\n\t\t\t\t<\/div>\n\t\t\t\t<div class=\"elementor-element elementor-element-395f7be2 primary-dark elementor-widget elementor-widget-button\" data-id=\"395f7be2\" data-element_type=\"widget\" data-widget_type=\"button.default\">\n\t\t\t\t<div class=\"elementor-widget-container\">\n\t\t\t\t\t\t\t\t\t<div class=\"elementor-button-wrapper\">\n\t\t\t\t\t<a class=\"elementor-button elementor-button-link elementor-size-sm\" href=\"https:\/\/www.consumerdirectcare.com\/about-us\/community\/\" target=\"_blank\">\n\t\t\t\t\t\t<span class=\"elementor-button-content-wrapper\">\n\t\t\t\t\t\t\t\t\t<span class=\"elementor-button-text\">C\u1ed9ng \u0111\u1ed3ng c\u1ee7a ch\u00fang t\u00f4i<\/span>\n\t\t\t\t\t<\/span>\n\t\t\t\t\t<\/a>\n\t\t\t\t<\/div>\n\t\t\t\t\t\t\t\t<\/div>\n\t\t\t\t<\/div>\n\t\t\t\t<\/div>\n\t\t\t\t<\/div>\n\t\t\t\t<\/div>\n\t\t\t\t<\/div>\n\t\t\t\t<\/div>","protected":false},"excerpt":{"rendered":"<p>Select Section What We Do Our Community What We Do Our Community What We Do Our Community<\/p>","protected":false},"author":1,"featured_media":0,"parent":0,"menu_order":0,"comment_status":"closed","ping_status":"closed","template":"","meta":{"_acf_changed":false,"footnotes":""},"class_list":["post-232","page","type-page","status-publish","hentry"],"acf":[],"yoast_head":"<!-- This site is optimized with the Yoast SEO plugin v26.0 - https:\/\/yoast.com\/wordpress\/plugins\/seo\/ -->\n<title>About Us - Tennessee - Consumer Direct Care<\/title>\n<meta name=\"robots\" content=\"index, follow, max-snippet:-1, max-image-preview:large, max-video-preview:-1\" \/>\n<link rel=\"canonical\" href=\"https:\/\/www.consumerdirecttn.com\/vi\/about-us\/\" \/>\n<meta property=\"og:locale\" content=\"vi_VN\" \/>\n<meta property=\"og:type\" content=\"article\" \/>\n<meta property=\"og:title\" content=\"About Us - Tennessee - Consumer Direct Care\" \/>\n<meta property=\"og:description\" content=\"Select Section What We Do Our Community What We Do Our Community What We Do Our Community\" \/>\n<meta property=\"og:url\" content=\"https:\/\/www.consumerdirecttn.com\/vi\/about-us\/\" \/>\n<meta property=\"og:site_name\" content=\"Tennessee - Consumer Direct Care\" \/>\n<meta property=\"article:modified_time\" content=\"2025-11-07T02:14:28+00:00\" \/>\n<meta name=\"twitter:card\" content=\"summary_large_image\" \/>\n<meta name=\"twitter:label1\" content=\"\u01af\u1edbc t\u00ednh th\u1eddi gian \u0111\u1ecdc\" \/>\n\t<meta name=\"twitter:data1\" content=\"2 ph\u00fat\" \/>\n<script type=\"application\/ld+json\" class=\"yoast-schema-graph\">{\"@context\":\"https:\/\/schema.org\",\"@graph\":[{\"@type\":\"WebPage\",\"@id\":\"https:\/\/www.consumerdirecttn.com\/about-us\/\",\"url\":\"https:\/\/www.consumerdirecttn.com\/about-us\/\",\"name\":\"About Us - Tennessee - Consumer Direct Care\",\"isPartOf\":{\"@id\":\"https:\/\/www.consumerdirecttn.com\/#website\"},\"datePublished\":\"2025-08-01T07:25:26+00:00\",\"dateModified\":\"2025-11-07T02:14:28+00:00\",\"breadcrumb\":{\"@id\":\"https:\/\/www.consumerdirecttn.com\/about-us\/#breadcrumb\"},\"inLanguage\":\"vi\",\"potentialAction\":[{\"@type\":\"ReadAction\",\"target\":[\"https:\/\/www.consumerdirecttn.com\/about-us\/\"]}]},{\"@type\":\"BreadcrumbList\",\"@id\":\"https:\/\/www.consumerdirecttn.com\/about-us\/#breadcrumb\",\"itemListElement\":[{\"@type\":\"ListItem\",\"position\":1,\"name\":\"Home\",\"item\":\"https:\/\/www.consumerdirecttn.com\/\"},{\"@type\":\"ListItem\",\"position\":2,\"name\":\"About Us\"}]},{\"@type\":\"WebSite\",\"@id\":\"https:\/\/www.consumerdirecttn.com\/#website\",\"url\":\"https:\/\/www.consumerdirecttn.com\/\",\"name\":\"Tennessee - Consumer Direct Care\",\"description\":\"\",\"publisher\":{\"@id\":\"https:\/\/www.consumerdirecttn.com\/#organization\"},\"potentialAction\":[{\"@type\":\"SearchAction\",\"target\":{\"@type\":\"EntryPoint\",\"urlTemplate\":\"https:\/\/www.consumerdirecttn.com\/?s={search_term_string}\"},\"query-input\":{\"@type\":\"PropertyValueSpecification\",\"valueRequired\":true,\"valueName\":\"search_term_string\"}}],\"inLanguage\":\"vi\"},{\"@type\":\"Organization\",\"@id\":\"https:\/\/www.consumerdirecttn.com\/#organization\",\"name\":\"Tennessee - Consumer Direct Care\",\"url\":\"https:\/\/www.consumerdirecttn.com\/\",\"logo\":{\"@type\":\"ImageObject\",\"inLanguage\":\"vi\",\"@id\":\"https:\/\/www.consumerdirecttn.com\/#\/schema\/logo\/image\/\",\"url\":\"https:\/\/www.consumerdirecttn.com\/wp-content\/uploads\/sites\/17\/2025\/08\/tennessee-logo-dark.png\",\"contentUrl\":\"https:\/\/www.consumerdirecttn.com\/wp-content\/uploads\/sites\/17\/2025\/08\/tennessee-logo-dark.png\",\"width\":159,\"height\":48,\"caption\":\"Tennessee - Consumer Direct Care\"},\"image\":{\"@id\":\"https:\/\/www.consumerdirecttn.com\/#\/schema\/logo\/image\/\"}}]}<\/script>\n<!-- \/ Yoast SEO plugin. -->","yoast_head_json":{"title":"About Us - Tennessee - Consumer Direct Care","robots":{"index":"index","follow":"follow","max-snippet":"max-snippet:-1","max-image-preview":"max-image-preview:large","max-video-preview":"max-video-preview:-1"},"canonical":"https:\/\/www.consumerdirecttn.com\/vi\/about-us\/","og_locale":"vi_VN","og_type":"article","og_title":"About Us - Tennessee - Consumer Direct Care","og_description":"Select Section What We Do Our Community What We Do Our Community What We Do Our Community","og_url":"https:\/\/www.consumerdirecttn.com\/vi\/about-us\/","og_site_name":"Tennessee - Consumer Direct Care","article_modified_time":"2025-11-07T02:14:28+00:00","twitter_card":"summary_large_image","twitter_misc":{"\u01af\u1edbc t\u00ednh th\u1eddi gian \u0111\u1ecdc":"2 ph\u00fat"},"schema":{"@context":"https:\/\/schema.org","@graph":[{"@type":"WebPage","@id":"https:\/\/www.consumerdirecttn.com\/about-us\/","url":"https:\/\/www.consumerdirecttn.com\/about-us\/","name":"About Us - Tennessee - Consumer Direct Care","isPartOf":{"@id":"https:\/\/www.consumerdirecttn.com\/#website"},"datePublished":"2025-08-01T07:25:26+00:00","dateModified":"2025-11-07T02:14:28+00:00","breadcrumb":{"@id":"https:\/\/www.consumerdirecttn.com\/about-us\/#breadcrumb"},"inLanguage":"vi","potentialAction":[{"@type":"ReadAction","target":["https:\/\/www.consumerdirecttn.com\/about-us\/"]}]},{"@type":"BreadcrumbList","@id":"https:\/\/www.consumerdirecttn.com\/about-us\/#breadcrumb","itemListElement":[{"@type":"ListItem","position":1,"name":"Home","item":"https:\/\/www.consumerdirecttn.com\/"},{"@type":"ListItem","position":2,"name":"About Us"}]},{"@type":"WebSite","@id":"https:\/\/www.consumerdirecttn.com\/#website","url":"https:\/\/www.consumerdirecttn.com\/","name":"Tennessee - Ch\u0103m s\u00f3c tr\u1ef1c ti\u1ebfp cho ng\u01b0\u1eddi ti\u00eau d\u00f9ng","description":"","publisher":{"@id":"https:\/\/www.consumerdirecttn.com\/#organization"},"potentialAction":[{"@type":"SearchAction","target":{"@type":"EntryPoint","urlTemplate":"https:\/\/www.consumerdirecttn.com\/?s={search_term_string}"},"query-input":{"@type":"PropertyValueSpecification","valueRequired":true,"valueName":"search_term_string"}}],"inLanguage":"vi"},{"@type":"Organization","@id":"https:\/\/www.consumerdirecttn.com\/#organization","name":"Tennessee - Ch\u0103m s\u00f3c tr\u1ef1c ti\u1ebfp cho ng\u01b0\u1eddi ti\u00eau d\u00f9ng","url":"https:\/\/www.consumerdirecttn.com\/","logo":{"@type":"ImageObject","inLanguage":"vi","@id":"https:\/\/www.consumerdirecttn.com\/#\/schema\/logo\/image\/","url":"https:\/\/www.consumerdirecttn.com\/wp-content\/uploads\/sites\/17\/2025\/08\/tennessee-logo-dark.png","contentUrl":"https:\/\/www.consumerdirecttn.com\/wp-content\/uploads\/sites\/17\/2025\/08\/tennessee-logo-dark.png","width":159,"height":48,"caption":"Tennessee - Consumer Direct Care"},"image":{"@id":"https:\/\/www.consumerdirecttn.com\/#\/schema\/logo\/image\/"}}]}},"_links":{"self":[{"href":"https:\/\/www.consumerdirecttn.com\/vi\/wp-json\/wp\/v2\/pages\/232","targetHints":{"allow":["GET"]}}],"collection":[{"href":"https:\/\/www.consumerdirecttn.com\/vi\/wp-json\/wp\/v2\/pages"}],"about":[{"href":"https:\/\/www.consumerdirecttn.com\/vi\/wp-json\/wp\/v2\/types\/page"}],"author":[{"embeddable":true,"href":"https:\/\/www.consumerdirecttn.com\/vi\/wp-json\/wp\/v2\/users\/1"}],"replies":[{"embeddable":true,"href":"https:\/\/www.consumerdirecttn.com\/vi\/wp-json\/wp\/v2\/comments?post=232"}],"version-history":[{"count":195,"href":"https:\/\/www.consumerdirecttn.com\/vi\/wp-json\/wp\/v2\/pages\/232\/revisions"}],"predecessor-version":[{"id":4286,"href":"https:\/\/www.consumerdirecttn.com\/vi\/wp-json\/wp\/v2\/pages\/232\/revisions\/4286"}],"wp:attachment":[{"href":"https:\/\/www.consumerdirecttn.com\/vi\/wp-json\/wp\/v2\/media?parent=232"}],"curies":[{"name":"wp","href":"https:\/\/api.w.org\/{rel}","templated":true}]}}