{"id":3049,"date":"2025-10-08T09:29:10","date_gmt":"2025-10-08T09:29:10","guid":{"rendered":"https:\/\/staging-prod-tn.cdcndevelopment.com\/?page_id=3049"},"modified":"2025-11-06T16:30:21","modified_gmt":"2025-11-06T16:30:21","slug":"need-help-civil-rights","status":"publish","type":"page","link":"https:\/\/www.consumerdirecttn.com\/vi\/need-help-civil-rights\/","title":{"rendered":"C\u1ea7n tr\u1ee3 gi\u00fap ho\u1eb7c c\u00f3 c\u00e2u h\u1ecfi?"},"content":{"rendered":"<div data-elementor-type=\"wp-page\" data-elementor-id=\"3049\" class=\"elementor elementor-3049\" data-elementor-post-type=\"page\">\n\t\t\t\t<div class=\"elementor-element elementor-element-ea2c6d9 e-con-full e-flex e-con e-parent\" data-id=\"ea2c6d9\" data-element_type=\"container\" data-settings=\"{&quot;background_background&quot;:&quot;classic&quot;}\">\n\t\t<div class=\"elementor-element elementor-element-df792af e-con-full elementor-hidden-mobile e-flex e-con e-child\" data-id=\"df792af\" data-element_type=\"container\" data-settings=\"{&quot;background_background&quot;:&quot;classic&quot;}\">\n\t\t\t\t<div class=\"elementor-element elementor-element-4e311ef elementor-widget__width-initial elementor-widget elementor-widget-heading\" data-id=\"4e311ef\" data-element_type=\"widget\" data-widget_type=\"heading.default\">\n\t\t\t\t<div class=\"elementor-widget-container\">\n\t\t\t\t\t<h1 class=\"elementor-heading-title elementor-size-default\">C\u1ea6N <mark>GI\u00daP ho\u1eb7c C\u00d3<\/mark> C\u00d3 C\u00c2U H\u1eceI?<\/h1>\t\t\t\t<\/div>\n\t\t\t\t<\/div>\n\t\t\t\t<\/div>\n\t\t<div class=\"elementor-element elementor-element-f12cf6c elementor-hidden-desktop elementor-hidden-tablet e-flex e-con-boxed e-con e-child\" data-id=\"f12cf6c\" data-element_type=\"container\">\n\t\t\t\t\t<div class=\"e-con-inner\">\n\t\t\t\t<div class=\"elementor-element elementor-element-3815410 elementor-widget__width-initial elementor-widget elementor-widget-heading\" data-id=\"3815410\" data-element_type=\"widget\" data-widget_type=\"heading.default\">\n\t\t\t\t<div class=\"elementor-widget-container\">\n\t\t\t\t\t<h1 class=\"elementor-heading-title elementor-size-default\">C\u1ea6N <mark>GI\u00daP ho\u1eb7c C\u00d3<\/mark> C\u00d3 C\u00c2U H\u1eceI?<\/h1>\t\t\t\t<\/div>\n\t\t\t\t<\/div>\n\t\t\t\t<div class=\"elementor-element elementor-element-8b77d08 elementor-widget-mobile__width-inherit elementor-widget elementor-widget-image\" data-id=\"8b77d08\" data-element_type=\"widget\" data-widget_type=\"image.default\">\n\t\t\t\t<div class=\"elementor-widget-container\">\n\t\t\t\t\t\t\t\t\t\t\t\t\t\t\t<img decoding=\"async\" src=\"https:\/\/www.consumerdirecttn.com\/wp-content\/uploads\/sites\/17\/2025\/09\/Leave-A-Review-Banner-Mobile.png\" title=\"\" alt=\"\" loading=\"lazy\" \/>\t\t\t\t\t\t\t\t\t\t\t\t\t\t\t<\/div>\n\t\t\t\t<\/div>\n\t\t\t\t\t<\/div>\n\t\t\t\t<\/div>\n\t\t\t\t<\/div>\n\t\t<div class=\"elementor-element elementor-element-58d72fd e-flex e-con-boxed e-con e-parent\" data-id=\"58d72fd\" data-element_type=\"container\">\n\t\t\t\t\t<div class=\"e-con-inner\">\n\t\t\t\t<div class=\"elementor-element elementor-element-4be2be5 elementor-widget elementor-widget-text-editor\" data-id=\"4be2be5\" data-element_type=\"widget\" data-widget_type=\"text-editor.default\">\n\t\t\t\t<div class=\"elementor-widget-container\">\n\t\t\t\t\t\t\t\t\t<h5>C\u1ea7n tr\u1ee3 gi\u00fap ho\u1eb7c c\u00f3 c\u00e2u h\u1ecfi?<\/h5><ul><li>B\u1ea1n c\u00f3 c\u1ea7n h\u1ed7 tr\u1ee3 \u0111\u1ec3 tr\u00f2 chuy\u1ec7n v\u1edbi ch\u00fang t\u00f4i ho\u1eb7c \u0111\u1ecdc nh\u1eefng g\u00ec ch\u00fang t\u00f4i g\u1eedi cho b\u1ea1n kh\u00f4ng?<\/li><li>B\u1ea1n c\u00f3 khuy\u1ebft t\u1eadt v\u00e0 c\u1ea7n h\u1ed7 tr\u1ee3 \u0111\u1ec3 ti\u1ebfp c\u1eadn d\u1ecbch v\u1ee5 ch\u0103m s\u00f3c s\u1ee9c kh\u1ecfe ho\u1eb7c tham gia m\u1ed9t trong c\u00e1c ch\u01b0\u01a1ng tr\u00ecnh c\u1ee7a ch\u00fang t\u00f4i?<br \/>ho\u1eb7c d\u1ecbch v\u1ee5?<\/li><li>Hay b\u1ea1n c\u00f3 th\u00eam c\u00e2u h\u1ecfi n\u00e0o v\u1ec1 ch\u0103m s\u00f3c s\u1ee9c kh\u1ecfe c\u1ee7a m\u00ecnh kh\u00f4ng?<\/li><\/ul><h5>H\u00e3y g\u1ecdi cho ch\u00fang t\u00f4i mi\u1ec5n ph\u00ed. Ch\u00fang t\u00f4i c\u00f3 th\u1ec3 k\u1ebft n\u1ed1i b\u1ea1n v\u1edbi s\u1ef1 tr\u1ee3 gi\u00fap ho\u1eb7c d\u1ecbch v\u1ee5 mi\u1ec5n ph\u00ed m\u00e0 b\u1ea1n c\u1ea7n. (\u0110\u1ed1i v\u1edbi D\u1ecbch v\u1ee5 Trung gian Vi\u1ec5n th\u00f4ng (TRS), h\u00e3y g\u1ecdi: 711)<\/h5><ul><li>CDTN Wellpoint: <a href=\"tel:888-398-0664\">888-398-0664<\/a><\/li><li>CDTN BlueCare Tennessee: <a href=\"tel:888-450-3240\">888-450-3240<\/a><\/li><li>CDTN UnitedHealthcare: <a href=\"tel:888-444-3109\">888-444-3109<\/a><\/li><li>CDTN DDA: <a href=\"tel:888-450-3242\">888-450-3242<\/a><\/li><\/ul><p>Ch\u00fang t\u00f4i tu\u00e2n th\u1ee7 c\u00e1c lu\u1eadt v\u1ec1 quy\u1ec1n c\u00f4ng d\u00e2n c\u1ee7a li\u00ean bang v\u00e0 ti\u1ec3u bang. Ch\u00fang t\u00f4i kh\u00f4ng \u0111\u1ed1i x\u1eed v\u1edbi m\u1ecdi ng\u01b0\u1eddi theo c\u00e1ch kh\u00e1c nhau v\u00ec l\u00fd do ch\u1ee7ng t\u1ed9c,<br \/>M\u00e0u da, n\u01a1i sinh, ng\u00f4n ng\u1eef, tu\u1ed5i t\u00e1c, khuy\u1ebft t\u1eadt, t\u00f4n gi\u00e1o ho\u1eb7c gi\u1edbi t\u00ednh. B\u1ea1n c\u00f3 ngh\u0129 r\u1eb1ng ch\u00fang t\u00f4i \u0111\u00e3 kh\u00f4ng gi\u00fap \u0111\u1ee1 b\u1ea1n hay b\u1ea1n \u0111\u00e3 b\u1ecb...<br \/>B\u1ea1n c\u00f3 b\u1ecb \u0111\u1ed1i x\u1eed kh\u00e1c bi\u1ec7t v\u00ec l\u00fd do ch\u1ee7ng t\u1ed9c, m\u00e0u da, n\u01a1i sinh, ng\u00f4n ng\u1eef, tu\u1ed5i t\u00e1c, khuy\u1ebft t\u1eadt, t\u00f4n gi\u00e1o ho\u1eb7c gi\u1edbi t\u00ednh kh\u00f4ng? B\u1ea1n c\u00f3 th\u1ec3<br \/>G\u1eedi \u0111\u01a1n khi\u1ebfu n\u1ea1i qua b\u01b0u \u0111i\u1ec7n, qua email ho\u1eb7c qua \u0111i\u1ec7n tho\u1ea1i. D\u01b0\u1edbi \u0111\u00e2y l\u00e0 ba \u0111\u1ecba \u0111i\u1ec3m b\u1ea1n c\u00f3 th\u1ec3 g\u1eedi \u0111\u01a1n khi\u1ebfu n\u1ea1i:<\/p><h5>TennCare<\/h5><p>V\u0103n ph\u00f2ng Tu\u00e2n th\u1ee7 Quy\u1ec1n C\u00f4ng d\u00e2n<br \/>310 \u0110\u01b0\u1eddng Great Circle, 3W<br \/>Nashville, Tennessee 37243<br \/>Email: <a href=\"mailto:HCFA.Fairtreatment@tn.gov\">HCFA.Fairtreatment@tn.gov<\/a><br \/>\u0110i\u1ec7n tho\u1ea1i: <a href=\"tel:855-857-1673\">855-857-1673<\/a><br \/>(TRS 711)<\/p><p>B\u1ea1n c\u00f3 th\u1ec3 t\u1ea3i m\u1eabu \u0111\u01a1n khi\u1ebfu n\u1ea1i tr\u1ef1c tuy\u1ebfn. <a href=\"http:\/\/www.tn.gov\/content\/dam\/tn\/tenncare\/documents\/complaintform.pdf\" target=\"_blank\" rel=\"noopener\">\u1edf \u0111\u00e2y<\/a><\/p><h5>Th\u00f4ng tin v\u1ec1 MCO<\/h5><p>Wellpoint<br \/>BlueCare Tennessee<br \/>UnitedHealthcare<\/p><h5>B\u1ed9 Y t\u1ebf v\u00e0 D\u1ecbch v\u1ee5 Nh\u00e2n sinh Hoa K\u1ef3<\/h5><p>V\u0103n ph\u00f2ng v\u1ec1 Quy\u1ec1n c\u00f4ng d\u00e2n<br \/>200 \u0110\u01b0\u1eddng \u0110\u1ed9c L\u1eadp, T\u1ea7ng 509F, T\u00f2a nh\u00e0 HHH<br \/>Washington, DC 20201<br \/>\u0110i\u1ec7n tho\u1ea1i: <a href=\"tel:800-368-1019\">800-368-1019<\/a><br \/>(TDD): <a href=\"tel:800-537-7697\">800-537-7697<\/a><\/p><p>B\u1ea1n c\u00f3 th\u1ec3 t\u1ea3i m\u1eabu \u0111\u01a1n khi\u1ebfu n\u1ea1i tr\u1ef1c tuy\u1ebfn t\u1ea1i: <a href=\"http:\/\/www.hhs.gov\/ocr\/office\/file\/index.html\" target=\"_blank\" rel=\"noopener\">www.hhs.gov\/ocr\/office\/file\/index.html<\/a><\/p><p>Ho\u1eb7c b\u1ea1n c\u00f3 th\u1ec3 n\u1ed9p \u0111\u01a1n khi\u1ebfu n\u1ea1i tr\u1ef1c tuy\u1ebfn t\u1ea1i: <a href=\"https:\/\/ocrportal.hhs.gov\/ocr\/smartscreen\/main.jsf\" target=\"_blank\" rel=\"noopener\">ocrportal.hhs.gov\/ocr\/portal\/lobby.jsf<\/a><\/p>\t\t\t\t\t\t\t\t<\/div>\n\t\t\t\t<\/div>\n\t\t\t\t\t<\/div>\n\t\t\t\t<\/div>\n\t\t\t\t<\/div>","protected":false},"excerpt":{"rendered":"<p>C\u1ea7n h\u1ed7 tr\u1ee3 ho\u1eb7c c\u00f3 c\u00e2u h\u1ecfi? B\u1ea1n c\u1ea7n gi\u00fap \u0111\u1ee1 \u0111\u1ec3 tr\u00f2 chuy\u1ec7n v\u1edbi ch\u00fang t\u00f4i ho\u1eb7c \u0111\u1ecdc nh\u1eefng th\u00f4ng tin ch\u00fang t\u00f4i g\u1eedi cho b\u1ea1n? B\u1ea1n c\u00f3 khuy\u1ebft t\u1eadt v\u00e0 c\u1ea7n h\u1ed7 tr\u1ee3 \u0111\u1ec3 ti\u1ebfp c\u1eadn d\u1ecbch v\u1ee5 ch\u0103m s\u00f3c s\u1ee9c kh\u1ecfe ho\u1eb7c tham gia m\u1ed9t trong c\u00e1c ch\u01b0\u01a1ng tr\u00ecnh ho\u1eb7c d\u1ecbch v\u1ee5 c\u1ee7a ch\u00fang t\u00f4i? Ho\u1eb7c b\u1ea1n c\u00f3 th\u00eam c\u00e2u h\u1ecfi v\u1ec1 ch\u0103m s\u00f3c s\u1ee9c kh\u1ecfe c\u1ee7a m\u00ecnh? H\u00e3y g\u1ecdi cho ch\u00fang t\u00f4i mi\u1ec5n ph\u00ed. Ch\u00fang t\u00f4i c\u00f3 th\u1ec3 k\u1ebft n\u1ed1i b\u1ea1n [\u2026]<\/p>","protected":false},"author":9,"featured_media":0,"parent":0,"menu_order":0,"comment_status":"closed","ping_status":"closed","template":"","meta":{"_acf_changed":false,"footnotes":""},"class_list":["post-3049","page","type-page","status-publish","hentry"],"acf":[],"yoast_head":"<!-- This site is optimized with the Yoast SEO plugin v26.0 - https:\/\/yoast.com\/wordpress\/plugins\/seo\/ -->\n<title>Need Help or Have Questions? - Tennessee - Consumer Direct Care<\/title>\n<meta name=\"robots\" content=\"index, follow, max-snippet:-1, max-image-preview:large, max-video-preview:-1\" \/>\n<link rel=\"canonical\" href=\"https:\/\/www.consumerdirecttn.com\/vi\/need-help-civil-rights\/\" \/>\n<meta property=\"og:locale\" content=\"vi_VN\" \/>\n<meta property=\"og:type\" content=\"article\" \/>\n<meta property=\"og:title\" content=\"Need Help or Have Questions? - Tennessee - Consumer Direct Care\" \/>\n<meta property=\"og:description\" content=\"Need Help or Have Questions? Do you need help talking with us or reading what we send you? Do you have a disability and need help getting care or taking part in one of our programsor services? Or do you have more questions about your health care? Call us for free. We can connect you [&hellip;]\" \/>\n<meta property=\"og:url\" content=\"https:\/\/www.consumerdirecttn.com\/vi\/need-help-civil-rights\/\" \/>\n<meta property=\"og:site_name\" content=\"Tennessee - Consumer Direct Care\" \/>\n<meta property=\"article:modified_time\" content=\"2025-11-06T16:30:21+00:00\" \/>\n<meta name=\"twitter:card\" content=\"summary_large_image\" \/>\n<meta name=\"twitter:label1\" content=\"\u01af\u1edbc t\u00ednh th\u1eddi gian \u0111\u1ecdc\" \/>\n\t<meta name=\"twitter:data1\" content=\"2 ph\u00fat\" \/>\n<script type=\"application\/ld+json\" class=\"yoast-schema-graph\">{\"@context\":\"https:\/\/schema.org\",\"@graph\":[{\"@type\":\"WebPage\",\"@id\":\"https:\/\/www.consumerdirecttn.com\/need-help-civil-rights\/\",\"url\":\"https:\/\/www.consumerdirecttn.com\/need-help-civil-rights\/\",\"name\":\"Need Help or Have Questions? - Tennessee - Consumer Direct Care\",\"isPartOf\":{\"@id\":\"https:\/\/www.consumerdirecttn.com\/#website\"},\"datePublished\":\"2025-10-08T09:29:10+00:00\",\"dateModified\":\"2025-11-06T16:30:21+00:00\",\"breadcrumb\":{\"@id\":\"https:\/\/www.consumerdirecttn.com\/need-help-civil-rights\/#breadcrumb\"},\"inLanguage\":\"vi\",\"potentialAction\":[{\"@type\":\"ReadAction\",\"target\":[\"https:\/\/www.consumerdirecttn.com\/need-help-civil-rights\/\"]}]},{\"@type\":\"BreadcrumbList\",\"@id\":\"https:\/\/www.consumerdirecttn.com\/need-help-civil-rights\/#breadcrumb\",\"itemListElement\":[{\"@type\":\"ListItem\",\"position\":1,\"name\":\"Home\",\"item\":\"https:\/\/www.consumerdirecttn.com\/\"},{\"@type\":\"ListItem\",\"position\":2,\"name\":\"Need Help or Have Questions?\"}]},{\"@type\":\"WebSite\",\"@id\":\"https:\/\/www.consumerdirecttn.com\/#website\",\"url\":\"https:\/\/www.consumerdirecttn.com\/\",\"name\":\"Tennessee - Consumer Direct Care\",\"description\":\"\",\"publisher\":{\"@id\":\"https:\/\/www.consumerdirecttn.com\/#organization\"},\"potentialAction\":[{\"@type\":\"SearchAction\",\"target\":{\"@type\":\"EntryPoint\",\"urlTemplate\":\"https:\/\/www.consumerdirecttn.com\/?s={search_term_string}\"},\"query-input\":{\"@type\":\"PropertyValueSpecification\",\"valueRequired\":true,\"valueName\":\"search_term_string\"}}],\"inLanguage\":\"vi\"},{\"@type\":\"Organization\",\"@id\":\"https:\/\/www.consumerdirecttn.com\/#organization\",\"name\":\"Tennessee - Consumer Direct Care\",\"url\":\"https:\/\/www.consumerdirecttn.com\/\",\"logo\":{\"@type\":\"ImageObject\",\"inLanguage\":\"vi\",\"@id\":\"https:\/\/www.consumerdirecttn.com\/#\/schema\/logo\/image\/\",\"url\":\"https:\/\/www.consumerdirecttn.com\/wp-content\/uploads\/sites\/17\/2025\/08\/tennessee-logo-dark.png\",\"contentUrl\":\"https:\/\/www.consumerdirecttn.com\/wp-content\/uploads\/sites\/17\/2025\/08\/tennessee-logo-dark.png\",\"width\":159,\"height\":48,\"caption\":\"Tennessee - Consumer Direct Care\"},\"image\":{\"@id\":\"https:\/\/www.consumerdirecttn.com\/#\/schema\/logo\/image\/\"}}]}<\/script>\n<!-- \/ Yoast SEO plugin. -->","yoast_head_json":{"title":"Need Help or Have Questions? - Tennessee - Consumer Direct Care","robots":{"index":"index","follow":"follow","max-snippet":"max-snippet:-1","max-image-preview":"max-image-preview:large","max-video-preview":"max-video-preview:-1"},"canonical":"https:\/\/www.consumerdirecttn.com\/vi\/need-help-civil-rights\/","og_locale":"vi_VN","og_type":"article","og_title":"Need Help or Have Questions? - Tennessee - Consumer Direct Care","og_description":"Need Help or Have Questions? Do you need help talking with us or reading what we send you? Do you have a disability and need help getting care or taking part in one of our programsor services? Or do you have more questions about your health care? Call us for free. We can connect you [&hellip;]","og_url":"https:\/\/www.consumerdirecttn.com\/vi\/need-help-civil-rights\/","og_site_name":"Tennessee - Consumer Direct Care","article_modified_time":"2025-11-06T16:30:21+00:00","twitter_card":"summary_large_image","twitter_misc":{"\u01af\u1edbc t\u00ednh th\u1eddi gian \u0111\u1ecdc":"2 ph\u00fat"},"schema":{"@context":"https:\/\/schema.org","@graph":[{"@type":"WebPage","@id":"https:\/\/www.consumerdirecttn.com\/need-help-civil-rights\/","url":"https:\/\/www.consumerdirecttn.com\/need-help-civil-rights\/","name":"Need Help or Have Questions? - Tennessee - Consumer Direct Care","isPartOf":{"@id":"https:\/\/www.consumerdirecttn.com\/#website"},"datePublished":"2025-10-08T09:29:10+00:00","dateModified":"2025-11-06T16:30:21+00:00","breadcrumb":{"@id":"https:\/\/www.consumerdirecttn.com\/need-help-civil-rights\/#breadcrumb"},"inLanguage":"vi","potentialAction":[{"@type":"ReadAction","target":["https:\/\/www.consumerdirecttn.com\/need-help-civil-rights\/"]}]},{"@type":"BreadcrumbList","@id":"https:\/\/www.consumerdirecttn.com\/need-help-civil-rights\/#breadcrumb","itemListElement":[{"@type":"ListItem","position":1,"name":"Home","item":"https:\/\/www.consumerdirecttn.com\/"},{"@type":"ListItem","position":2,"name":"Need Help or Have Questions?"}]},{"@type":"WebSite","@id":"https:\/\/www.consumerdirecttn.com\/#website","url":"https:\/\/www.consumerdirecttn.com\/","name":"Tennessee - Ch\u0103m s\u00f3c tr\u1ef1c ti\u1ebfp cho ng\u01b0\u1eddi ti\u00eau d\u00f9ng","description":"","publisher":{"@id":"https:\/\/www.consumerdirecttn.com\/#organization"},"potentialAction":[{"@type":"SearchAction","target":{"@type":"EntryPoint","urlTemplate":"https:\/\/www.consumerdirecttn.com\/?s={search_term_string}"},"query-input":{"@type":"PropertyValueSpecification","valueRequired":true,"valueName":"search_term_string"}}],"inLanguage":"vi"},{"@type":"Organization","@id":"https:\/\/www.consumerdirecttn.com\/#organization","name":"Tennessee - Ch\u0103m s\u00f3c tr\u1ef1c ti\u1ebfp cho ng\u01b0\u1eddi ti\u00eau d\u00f9ng","url":"https:\/\/www.consumerdirecttn.com\/","logo":{"@type":"ImageObject","inLanguage":"vi","@id":"https:\/\/www.consumerdirecttn.com\/#\/schema\/logo\/image\/","url":"https:\/\/www.consumerdirecttn.com\/wp-content\/uploads\/sites\/17\/2025\/08\/tennessee-logo-dark.png","contentUrl":"https:\/\/www.consumerdirecttn.com\/wp-content\/uploads\/sites\/17\/2025\/08\/tennessee-logo-dark.png","width":159,"height":48,"caption":"Tennessee - Consumer Direct Care"},"image":{"@id":"https:\/\/www.consumerdirecttn.com\/#\/schema\/logo\/image\/"}}]}},"_links":{"self":[{"href":"https:\/\/www.consumerdirecttn.com\/vi\/wp-json\/wp\/v2\/pages\/3049","targetHints":{"allow":["GET"]}}],"collection":[{"href":"https:\/\/www.consumerdirecttn.com\/vi\/wp-json\/wp\/v2\/pages"}],"about":[{"href":"https:\/\/www.consumerdirecttn.com\/vi\/wp-json\/wp\/v2\/types\/page"}],"author":[{"embeddable":true,"href":"https:\/\/www.consumerdirecttn.com\/vi\/wp-json\/wp\/v2\/users\/9"}],"replies":[{"embeddable":true,"href":"https:\/\/www.consumerdirecttn.com\/vi\/wp-json\/wp\/v2\/comments?post=3049"}],"version-history":[{"count":27,"href":"https:\/\/www.consumerdirecttn.com\/vi\/wp-json\/wp\/v2\/pages\/3049\/revisions"}],"predecessor-version":[{"id":4259,"href":"https:\/\/www.consumerdirecttn.com\/vi\/wp-json\/wp\/v2\/pages\/3049\/revisions\/4259"}],"wp:attachment":[{"href":"https:\/\/www.consumerdirecttn.com\/vi\/wp-json\/wp\/v2\/media?parent=3049"}],"curies":[{"name":"wp","href":"https:\/\/api.w.org\/{rel}","templated":true}]}}