{"id":3050,"date":"2025-10-08T09:29:35","date_gmt":"2025-10-08T09:29:35","guid":{"rendered":"https:\/\/staging-prod-tn.cdcndevelopment.com\/?page_id=3050"},"modified":"2025-10-31T09:29:53","modified_gmt":"2025-10-31T09:29:53","slug":"language-help","status":"publish","type":"page","link":"https:\/\/www.consumerdirecttn.com\/vi\/language-help\/","title":{"rendered":"Tr\u1ee3 gi\u00fap ng\u00f4n ng\u1eef"},"content":{"rendered":"<div data-elementor-type=\"wp-page\" data-elementor-id=\"3050\" class=\"elementor elementor-3050\" data-elementor-post-type=\"page\">\n\t\t\t\t<div class=\"elementor-element elementor-element-42c5ade e-con-full e-flex e-con e-parent\" data-id=\"42c5ade\" data-element_type=\"container\" data-settings=\"{&quot;background_background&quot;:&quot;classic&quot;}\">\n\t\t<div class=\"elementor-element elementor-element-321b19c e-con-full elementor-hidden-mobile e-flex e-con e-child\" data-id=\"321b19c\" data-element_type=\"container\" data-settings=\"{&quot;background_background&quot;:&quot;classic&quot;}\">\n\t\t\t\t<div class=\"elementor-element elementor-element-f264c70 elementor-widget__width-initial elementor-widget elementor-widget-heading\" data-id=\"f264c70\" data-element_type=\"widget\" data-widget_type=\"heading.default\">\n\t\t\t\t<div class=\"elementor-widget-container\">\n\t\t\t\t\t<h1 class=\"elementor-heading-title elementor-size-default\">NG\u00d4N NG\u1eee <mark>GI\u00daP \u0110\u1ee0<\/mark><\/h1>\t\t\t\t<\/div>\n\t\t\t\t<\/div>\n\t\t\t\t<\/div>\n\t\t<div class=\"elementor-element elementor-element-1cdfddb elementor-hidden-desktop elementor-hidden-tablet e-flex e-con-boxed e-con e-child\" data-id=\"1cdfddb\" data-element_type=\"container\">\n\t\t\t\t\t<div class=\"e-con-inner\">\n\t\t\t\t<div class=\"elementor-element elementor-element-0c0707c elementor-widget__width-initial elementor-widget elementor-widget-heading\" data-id=\"0c0707c\" data-element_type=\"widget\" data-widget_type=\"heading.default\">\n\t\t\t\t<div class=\"elementor-widget-container\">\n\t\t\t\t\t<h1 class=\"elementor-heading-title elementor-size-default\">NG\u00d4N NG\u1eee <mark>GI\u00daP \u0110\u1ee0<\/mark><\/h1>\t\t\t\t<\/div>\n\t\t\t\t<\/div>\n\t\t\t\t<div class=\"elementor-element elementor-element-a4ddbf6 elementor-widget-mobile__width-inherit elementor-widget elementor-widget-image\" data-id=\"a4ddbf6\" data-element_type=\"widget\" data-widget_type=\"image.default\">\n\t\t\t\t<div class=\"elementor-widget-container\">\n\t\t\t\t\t\t\t\t\t\t\t\t\t\t\t<img decoding=\"async\" src=\"https:\/\/www.consumerdirecttn.com\/wp-content\/uploads\/sites\/17\/2025\/08\/about-us-banner-mob.png\" title=\"\" alt=\"\" loading=\"lazy\" \/>\t\t\t\t\t\t\t\t\t\t\t\t\t\t\t<\/div>\n\t\t\t\t<\/div>\n\t\t\t\t\t<\/div>\n\t\t\t\t<\/div>\n\t\t\t\t<\/div>\n\t\t<div class=\"elementor-element elementor-element-7a733af e-flex e-con-boxed e-con e-parent\" data-id=\"7a733af\" data-element_type=\"container\">\n\t\t\t\t\t<div class=\"e-con-inner\">\n\t\t\t\t<div class=\"elementor-element elementor-element-dc8c920 elementor-widget elementor-widget-text-editor\" data-id=\"dc8c920\" data-element_type=\"widget\" data-widget_type=\"text-editor.default\">\n\t\t\t\t<div class=\"elementor-widget-container\">\n\t\t\t\t\t\t\t\t\t<h5>B\u1ea1n c\u00f3 c\u1ea7n s\u1ef1 tr\u1ee3 gi\u00fap mi\u1ec5n ph\u00ed v\u1ec1 ng\u00f4n ng\u1eef kh\u00f4ng?<\/h5><p>N\u1ebfu b\u1ea1n n\u00f3i m\u1ed9t ng\u00f4n ng\u1eef kh\u00e1c ti\u1ebfng Anh, h\u1ed7 tr\u1ee3 b\u1eb1ng ng\u00f4n ng\u1eef c\u1ee7a b\u1ea1n c\u00f3 s\u1eb5n mi\u1ec5n ph\u00ed. Trang n\u00e0y h\u01b0\u1edbng d\u1eabn b\u1ea1n c\u00e1ch nh\u1eadn h\u1ed7 tr\u1ee3 b\u1eb1ng ng\u00f4n ng\u1eef kh\u00e1c ti\u1ebfng Anh. N\u00f3 c\u0169ng cung c\u1ea5p th\u00f4ng tin v\u1ec1 c\u00e1c h\u00ecnh th\u1ee9c h\u1ed7 tr\u1ee3 kh\u00e1c c\u00f3 s\u1eb5n.<\/p><h5>Ti\u1ebfng T\u00e2y Ban Nha: Ti\u1ebfng T\u00e2y Ban Nha<\/h5><p>L\u01afU \u00dd: N\u1ebfu b\u1ea1n n\u00f3i ti\u1ebfng T\u00e2y Ban Nha, b\u1ea1n c\u00f3 th\u1ec3 s\u1eed d\u1ee5ng c\u00e1c d\u1ecbch v\u1ee5 h\u1ed7 tr\u1ee3 ng\u00f4n ng\u1eef mi\u1ec5n ph\u00ed.<\/p><ul><li>CDTN Wellpoint: <a href=\"tel:888-398-0664\">888-398-0664<\/a> (TRS:711)<\/li><li>CDTN BlueCare Tennessee: <a href=\"tel:888-450-3240\">888-450-3240<\/a> (TRS:711)<\/li><li>CDTN UnitedHealthcare: <a href=\"tel:888-444-3109\">888-444-3109<\/a> (TRS:711)<\/li><li>CDTN DDA: <a href=\"tel:888-450-3242\">888-450-3242<\/a> (TRS:711)<\/li><\/ul>\t\t\t\t\t\t\t\t<\/div>\n\t\t\t\t<\/div>\n\t\t\t\t<div class=\"elementor-element elementor-element-e16bfb7 elementor-widget elementor-widget-text-editor\" data-id=\"e16bfb7\" data-element_type=\"widget\" data-widget_type=\"text-editor.default\">\n\t\t\t\t<div class=\"elementor-widget-container\">\n\t\t\t\t\t\t\t\t\t<h5>Ti\u1ebfng Kurd: \u06a9\u0648\u0631\u062f\u06cc<\/h5><p>C\u00f4ng b\u1eb1ng: N\u1ebfu c\u00f3 s\u1ef1 ph\u00e2n bi\u1ec7t \u0111\u1ed1i x\u1eed d\u1ef1a tr\u00ean tu\u1ed5i t\u00e1c, ng\u01b0\u1eddi lao \u0111\u1ed9ng c\u00f3 quy\u1ec1n y\u00eau c\u1ea7u b\u1ed3i th\u01b0\u1eddng, bao g\u1ed3m c\u1ea3 b\u1ed3i th\u01b0\u1eddng v\u1ec1 th\u1eddi gian, ti\u1ec1n l\u01b0\u01a1ng v\u00e0 c\u00e1c kho\u1ea3n b\u1ed3i th\u01b0\u1eddng kh\u00e1c.<\/p><p>CDTN Wellpoint: <a href=\"tel:888-398-0664\">888-398-0664<\/a> (TRS:711) <strong>\u2022<\/strong><br \/>CDTN BlueCare Tennessee: <a href=\"tel:888-450-3240\">888-450-3240<\/a> (TRS:711) <strong>\u2022<\/strong><br \/>CDTN UnitedHealthcare: <a href=\"tel:888-444-3109\">888-444-3109<\/a> (TRS:711) <strong>\u2022<\/strong><br \/>CDTN DDA: <a href=\"tel:888-450-3242\">888-450-3242<\/a> (TRS:711) <strong>\u2022<\/strong><\/p><h5>Ti\u1ebfng \u1ea2 R\u1eadp: \u0627\u0644\u0639\u0631\u0628\u064a\u0629<\/h5><p>L\u01b0u \u00fd: N\u1ebfu b\u1ea1n n\u00f3i ti\u1ebfng \u1ea2 R\u1eadp, c\u00e1c d\u1ecbch v\u1ee5 h\u1ed7 tr\u1ee3 ng\u00f4n ng\u1eef s\u1ebd \u0111\u01b0\u1ee3c cung c\u1ea5p mi\u1ec5n ph\u00ed cho b\u1ea1n.<\/p><p>CDTN Wellpoint: <a href=\"tel:888-398-0664\">888-398-0664<\/a> (TRS:711) <strong>\u2022<\/strong><br \/>CDTN BlueCare Tennessee: <a href=\"tel:888-450-3240\">888-450-3240<\/a> (TRS:711) <strong>\u2022<\/strong><br \/>CDTN UnitedHealthcare: <a href=\"tel:888-444-3109\">888-444-3109<\/a> (TRS:711) <strong>\u2022<\/strong><br \/>CDTN DDA: <a href=\"tel:888-450-3242\">888-450-3242<\/a> (TRS:711) <strong>\u2022<\/strong><\/p>\t\t\t\t\t\t\t\t<\/div>\n\t\t\t\t<\/div>\n\t\t\t\t<div class=\"elementor-element elementor-element-4ede359 elementor-widget elementor-widget-text-editor\" data-id=\"4ede359\" data-element_type=\"widget\" data-widget_type=\"text-editor.default\">\n\t\t\t\t<div class=\"elementor-widget-container\">\n\t\t\t\t\t\t\t\t\t<h5>Ti\u1ebfng Trung: Ti\u1ebfng Trung truy\u1ec1n th\u1ed1ng<\/h5><p>L\u01b0u \u00fd: N\u1ebfu b\u1ea1n s\u1eed d\u1ee5ng ti\u1ebfng Trung ph\u1ed3n th\u1ec3, b\u1ea1n c\u00f3 th\u1ec3 nh\u1eadn \u0111\u01b0\u1ee3c d\u1ecbch v\u1ee5 h\u1ed7 tr\u1ee3 ng\u00f4n ng\u1eef mi\u1ec5n ph\u00ed.<\/p><ul><li>CDTN Wellpoint: <a href=\"tel:888-398-0664\">888-398-0664<\/a> (TRS:711)<\/li><li>CDTN BlueCare Tennessee: <a href=\"tel:888-450-3240\">888-450-3240<\/a> (TRS:711)<\/li><li>CDTN UnitedHealthcare: <a href=\"tel:888-444-3109\">888-444-3109<\/a> (TRS:711)<\/li><li>CDTN DDA: <a href=\"tel:888-450-3242\">888-450-3242<\/a> (TRS:711)<\/li><\/ul><h5>Ti\u1ebfng Vi\u1ec7t<\/h5><ul><li>CDTN Wellpoint: <a href=\"tel:888-398-0664\">888-398-0664<\/a> (TRS:711)<\/li><li>CDTN BlueCare Tennessee: <a href=\"tel:888-450-3240\">888-450-3240<\/a> (TRS:711)<\/li><li>CDTN UnitedHealthcare: <a href=\"tel:888-444-3109\">888-444-3109<\/a> (TRS:711)<\/li><li>CDTN DDA: <a href=\"tel:888-450-3242\">888-450-3242<\/a> (TRS:711)<\/li><\/ul><h5>Ti\u1ebfng H\u00e0n: \ud55c\uad6d\uc5b4<\/h5><p>L\u01b0u \u00fd: N\u1ebfu b\u1ea1n s\u1eed d\u1ee5ng ti\u1ebfng H\u00e0n, b\u1ea1n c\u00f3 th\u1ec3 s\u1eed d\u1ee5ng d\u1ecbch v\u1ee5 h\u1ed7 tr\u1ee3 ng\u00f4n ng\u1eef mi\u1ec5n ph\u00ed.<\/p><ul><li>CDTN Wellpoint: <a href=\"tel:888-398-0664\">888-398-0664<\/a> (TRS:711)<\/li><li>CDTN BlueCare Tennessee: <a href=\"tel:888-450-3240\">888-450-3240<\/a> (TRS:711)<\/li><li>CDTN UnitedHealthcare: <a href=\"tel:888-444-3109\">888-444-3109<\/a> (TRS:711)<\/li><li>CDTN DDA: <a href=\"tel:888-450-3242\">888-450-3242<\/a> (TRS:711)<\/li><\/ul><h5>Ti\u1ebfng Ph\u00e1p: Ti\u1ebfng Ph\u00e1p<\/h5><p>L\u01afU \u00dd: N\u1ebfu b\u1ea1n n\u00f3i ti\u1ebfng Ph\u00e1p, c\u00e1c d\u1ecbch v\u1ee5 h\u1ed7 tr\u1ee3 ng\u00f4n ng\u1eef \u0111\u01b0\u1ee3c cung c\u1ea5p mi\u1ec5n ph\u00ed cho b\u1ea1n.<\/p><ul><li>CDTN Wellpoint: <a href=\"tel:888-398-0664\">888-398-0664<\/a> (TRS:711)<\/li><li>CDTN BlueCare Tennessee: <a href=\"tel:888-450-3240\">888-450-3240<\/a> (TRS:711)<\/li><li>CDTN UnitedHealthcare: <a href=\"tel:888-444-3109\">888-444-3109<\/a> (TRS:711)<\/li><li>CDTN DDA: <a href=\"tel:888-450-3242\">888-450-3242<\/a> (TRS:711)<\/li><\/ul><h5>Amharic: \u12a0\u121b\u122d\u129b<\/h5><p>Mestawish: \u12e8\u121a\u1293\u1308\u1229\u1275 \u124b\u1295\u124b \u12a3\u121b\u122d\u129b \u12a8\u1206\u1290 \u12e8\u1275\u122d\u1309\u121d \u12a5\u122d\u12f3\u1273 \u12f5\u122d\u1305\u1276\u127d\u1363 \u1260\u1290\u133b \u120a\u12eb\u130d\u12dd\u12ce\u1275 \u1270\u12d8\u130b\u1300\u1270\u12cb\u120d\u1361<\/p><ul><li>CDTN Wellpoint: <a href=\"tel:888-398-0664\">888-398-0664<\/a> (TRS:711)<\/li><li>CDTN BlueCare Tennessee: <a href=\"tel:888-450-3240\">888-450-3240<\/a> (TRS:711)<\/li><li>CDTN UnitedHealthcare: <a href=\"tel:888-444-3109\">888-444-3109<\/a> (TRS:711)<\/li><li>CDTN DDA: <a href=\"tel:888-450-3242\">888-450-3242<\/a> (TRS:711)<\/li><\/ul><h5>Gujarati: Gujarati<\/h5><p>S\u016bchana: N\u1ebfu b\u1ea1n mu\u1ed1n n\u00f3i v\u1ec1 Tamegujarati, th\u00ec \u0111\u00e2y l\u00e0:Shulak bh\u0101\u1e63\u0101 sa\u1e25\u0101ya sev\u0101o tam\u0101r\u0101 m\u0101\u1e6de upalab\u0acd\u0aa7 \u0a9b\u0ac7.<\/p><ul><li>CDTN Wellpoint: <a href=\"tel:888-398-0664\">888-398-0664<\/a> (TRS:711)<\/li><li>CDTN BlueCare Tennessee: <a href=\"tel:888-450-3240\">888-450-3240<\/a> (TRS:711)<\/li><li>CDTN UnitedHealthcare: <a href=\"tel:888-444-3109\">888-444-3109<\/a> (TRS:711)<\/li><li>CDTN DDA: <a href=\"tel:888-450-3242\">888-450-3242<\/a> (TRS:711)<\/li><\/ul><h5>L\u00e0o: \u0e9e\u0eb2\u0eaa\u0eb2\u0ea5\u0eb2\u0ea7<\/h5><p>Ph\u00e1t bi\u1ec3u: Th\u01b0a Ng\u00e0i, Khoa h\u1ecdc v\u00e0 C\u00f4ng ngh\u1ec7, Kh\u00f4ng c\u00f3 s\u1ef1 thay \u0111\u1ed5i, nh\u01b0ng c\u00f3 th\u1ec3 c\u00f3 s\u1ef1 thay \u0111\u1ed5i trong t\u01b0\u01a1ng lai.<\/p><ul><li>CDTN Wellpoint: <a href=\"tel:888-398-0664\">888-398-0664<\/a> (TRS:711)<\/li><li>CDTN BlueCare Tennessee: <a href=\"tel:888-450-3240\">888-450-3240<\/a> (TRS:711)<\/li><li>CDTN UnitedHealthcare: <a href=\"tel:888-444-3109\">888-444-3109<\/a> (TRS:711)<\/li><li>CDTN DDA: <a href=\"tel:888-450-3242\">888-450-3242<\/a> (TRS:711)<\/li><\/ul><h5>Ti\u1ebfng \u0110\u1ee9c: Deutsch<\/h5><p>L\u01afU \u00dd: N\u1ebfu b\u1ea1n n\u00f3i ti\u1ebfng \u0110\u1ee9c, b\u1ea1n c\u00f3 th\u1ec3 s\u1eed d\u1ee5ng c\u00e1c d\u1ecbch v\u1ee5 h\u1ed7 tr\u1ee3 ng\u00f4n ng\u1eef mi\u1ec5n ph\u00ed.<\/p><ul><li>CDTN Wellpoint: <a href=\"tel:888-398-0664\">888-398-0664<\/a> (TRS:711)<\/li><li>CDTN BlueCare Tennessee: <a href=\"tel:888-450-3240\">888-450-3240<\/a> (TRS:711)<\/li><li>CDTN UnitedHealthcare: <a href=\"tel:888-444-3109\">888-444-3109<\/a> (TRS:711)<\/li><li>CDTN DDA: <a href=\"tel:888-450-3242\">888-450-3242<\/a> (TRS:711)<\/li><\/ul><h5>Tagalog: Tagalog<\/h5><p>PAUNAWA: N\u1ebfu b\u1ea1n n\u00f3i ti\u1ebfng Tagalog, b\u1ea1n c\u00f3 th\u1ec3 s\u1eed d\u1ee5ng c\u00e1c d\u1ecbch v\u1ee5 h\u1ed7 tr\u1ee3 ng\u00f4n ng\u1eef.<br \/>Mi\u1ec5n ph\u00ed.<\/p><ul><li>CDTN Wellpoint: <a href=\"tel:888-398-0664\">888-398-0664<\/a> (TRS:711)<\/li><li>CDTN BlueCare Tennessee: <a href=\"tel:888-450-3240\">888-450-3240<\/a> (TRS:711)<\/li><li>CDTN UnitedHealthcare: <a href=\"tel:888-444-3109\">888-444-3109<\/a> (TRS:711)<\/li><li>CDTN DDA: <a href=\"tel:888-450-3242\">888-450-3242<\/a> (TRS:711)<\/li><\/ul><h5>Ti\u1ebfng Hindi: Hindi<\/h5><p>\u0110\u1eebng l\u00e0m \u0111i\u1ec1u \u0111\u00f3: N\u1ebfu b\u1ea1n \u0111ang g\u1eb7p kh\u00f3 kh\u0103n, h\u00e3y \u0111\u1ec3 t\u00f4i gi\u00fap b\u1ea1n.Trong \u0111\u00f3, s\u1ef1 h\u1ed7 tr\u1ee3 v\u00e0 d\u1ecbch v\u1ee5 lu\u00f4n s\u1eb5n s\u00e0ng\u0902\u0964<\/p><ul><li>CDTN Wellpoint: <a href=\"tel:888-398-0664\">888-398-0664<\/a> (TRS:711)<\/li><li>CDTN BlueCare Tennessee: <a href=\"tel:888-450-3240\">888-450-3240<\/a> (TRS:711)<\/li><li>CDTN UnitedHealthcare: <a href=\"tel:888-444-3109\">888-444-3109<\/a> (TRS:711)<\/li><li>CDTN DDA: <a href=\"tel:888-450-3242\">888-450-3242<\/a> (TRS:711)<\/li><\/ul><h5>Ti\u1ebfng Serbia-Croatia: Ti\u1ebfng Serbia-Croatia<\/h5><p>TH\u00d4NG B\u00c1O: N\u1ebfu b\u1ea1n n\u00f3i ti\u1ebfng Serbia-Croatia, c\u00e1c d\u1ecbch v\u1ee5 h\u1ed7 tr\u1ee3 ng\u00f4n ng\u1eef s\u1ebd \u0111\u01b0\u1ee3c cung c\u1ea5p mi\u1ec5n ph\u00ed cho b\u1ea1n.<\/p><ul><li>CDTN Wellpoint: <a href=\"tel:888-398-0664\">888-398-0664<\/a> (TRS - \u0110\u01b0\u1eddng d\u00e2y \u0111i\u1ec7n tho\u1ea1i d\u00e0nh cho ng\u01b0\u1eddi khuy\u1ebft t\u1eadt v\u1ec1 gi\u1ecdng n\u00f3i ho\u1eb7c th\u00ednh gi\u00e1c: 711)<\/li><li>CDTN BlueCare Tennessee: <a href=\"tel:888-450-3240\">888-450-3240<\/a> (TRS - \u0110\u01b0\u1eddng d\u00e2y \u0111i\u1ec7n tho\u1ea1i d\u00e0nh cho ng\u01b0\u1eddi khuy\u1ebft t\u1eadt v\u1ec1 gi\u1ecdng n\u00f3i ho\u1eb7c th\u00ednh gi\u00e1c: 711)<\/li><li>CDTN UnitedHealthcare: <a href=\"tel:888-444-3109\">888-444-3109<\/a> ( (TRS - \u0110\u01b0\u1eddng d\u00e2y \u0111i\u1ec7n tho\u1ea1i d\u00e0nh cho ng\u01b0\u1eddi khuy\u1ebft t\u1eadt v\u1ec1 gi\u1ecdng n\u00f3i ho\u1eb7c th\u00ednh gi\u00e1c: 711 )<\/li><li>CDTN DDA: <a href=\"tel:888-450-3242\">888-450-3242<\/a> (TRS - \u0110\u01b0\u1eddng d\u00e2y \u0111i\u1ec7n tho\u1ea1i d\u00e0nh cho ng\u01b0\u1eddi khuy\u1ebft t\u1eadt v\u1ec1 gi\u1ecdng n\u00f3i ho\u1eb7c th\u00ednh gi\u00e1c: 711)<\/li><\/ul><h5>Ti\u1ebfng Nga: Ti\u1ebfng Nga<\/h5><p>L\u01afU \u00dd: N\u1ebfu b\u1ea1n n\u00f3i ti\u1ebfng Nga, b\u1ea1n c\u00f3 th\u1ec3 s\u1eed d\u1ee5ng d\u1ecbch v\u1ee5 d\u1ecbch thu\u1eadt mi\u1ec5n ph\u00ed.<\/p><ul><li>CDTN Wellpoint: <a href=\"tel:888-398-0664\">888-398-0664<\/a> (TRS:711)<\/li><li>CDTN BlueCare Tennessee: <a href=\"tel:888-450-3240\">888-450-3240<\/a> (TRS:711)<\/li><li>CDTN UnitedHealthcare: <a href=\"tel:888-444-3109\">888-444-3109<\/a> (TRS:711)<\/li><li>CDTN DDA: <a href=\"tel:888-450-3242\">888-450-3242<\/a> (TRS:711)<\/li><\/ul><h5>Nepali: Nepal<\/h5><p>\u0110\u1eebng lo l\u1eafng, \u0111\u1eebng s\u1ee3 h\u00e3i: Tapa r\u012b\u1e43 l\u0113 n\u0113p\u0101 l\u012b b\u014d lnu\u1e25un\u1e5bc bhane taP\u0101 r\u012b\u1e43 ko ni mti bh\u0101 \u015b\u0101 sa\u1e25\u0101 yat\u0101 sev\u0101 haR\u016b ni\u1e25 \u015bulka r\u016bpam\u0101 upalabh\u0101 c.<\/p><ul><li>CDTN Wellpoint: <a href=\"tel:888-398-0664\">888-398-0664<\/a> (TRS:711)<\/li><li>CDTN BlueCare Tennessee: <a href=\"tel:888-450-3240\">888-450-3240<\/a> (TRS:711)<\/li><li>CDTN UnitedHealthcare: <a href=\"tel:888-444-3109\">888-444-3109<\/a> (TRS:711)<\/li><li>CDTN DDA: <a href=\"tel:888-450-3242\">888-450-3242<\/a> (TRS:711)<\/li><\/ul>\t\t\t\t\t\t\t\t<\/div>\n\t\t\t\t<\/div>\n\t\t\t\t<div class=\"elementor-element elementor-element-4bdc46f elementor-widget elementor-widget-text-editor\" data-id=\"4bdc46f\" data-element_type=\"widget\" data-widget_type=\"text-editor.default\">\n\t\t\t\t<div class=\"elementor-widget-container\">\n\t\t\t\t\t\t\t\t\t<h5>Ti\u1ebfng Ba T\u01b0: \u0641\u0627\u0631\u0633\u06cc<\/h5><p>H\u01b0\u1edbng d\u1eabn: N\u1ebfu b\u1ea1n \u0111ang tr\u00f2 chuy\u1ec7n b\u1eb1ng ti\u1ebfng Ba T\u01b0, d\u1ecbch v\u1ee5 d\u1ecbch thu\u1eadt mi\u1ec5n ph\u00ed s\u1ebd \u0111\u01b0\u1ee3c cung c\u1ea5p cho b\u1ea1n.<\/p><p>CDTN Wellpoint: <a href=\"tel:888-398-0664\">888-398-0664<\/a> (TRS:711) <strong>\u2022<\/strong><br \/>CDTN BlueCare Tennessee: <a href=\"tel:888-450-3240\">888-450-3240<\/a> (TRS:711) <strong>\u2022<\/strong><br \/>CDTN UnitedHealthcare: <a href=\"tel:888-444-3109\">888-444-3109<\/a> (TRS:711) <strong>\u2022<\/strong><br \/>CDTN DDA: <a href=\"tel:888-450-3242\">888-450-3242<\/a> (TRS:711) <strong>\u2022<\/strong><\/p>\t\t\t\t\t\t\t\t<\/div>\n\t\t\t\t<\/div>\n\t\t\t\t\t<\/div>\n\t\t\t\t<\/div>\n\t\t\t\t<\/div>","protected":false},"excerpt":{"rendered":"<p>B\u1ea0N C\u1ea6N GI\u00daP \u0110\u1ee0 MI\u1ec4N PH\u00cd V\u1ec0 NG\u00d4N NG\u1eee? N\u1ebfu b\u1ea1n n\u00f3i m\u1ed9t ng\u00f4n ng\u1eef kh\u00e1c ti\u1ebfng Anh, d\u1ecbch v\u1ee5 h\u1ed7 tr\u1ee3 b\u1eb1ng ng\u00f4n ng\u1eef c\u1ee7a b\u1ea1n c\u00f3 s\u1eb5n mi\u1ec5n ph\u00ed. Trang n\u00e0y h\u01b0\u1edbng d\u1eabn b\u1ea1n c\u00e1ch nh\u1eadn h\u1ed7 tr\u1ee3 b\u1eb1ng ng\u00f4n ng\u1eef kh\u00e1c ti\u1ebfng Anh. N\u00f3 c\u0169ng cung c\u1ea5p th\u00f4ng tin v\u1ec1 c\u00e1c d\u1ecbch v\u1ee5 h\u1ed7 tr\u1ee3 kh\u00e1c c\u00f3 s\u1eb5n. Ti\u1ebfng T\u00e2y Ban Nha: Espa\u00f1ol L\u01afU \u00dd: N\u1ebfu b\u1ea1n n\u00f3i ti\u1ebfng T\u00e2y Ban Nha, b\u1ea1n c\u00f3 th\u1ec3 s\u1eed d\u1ee5ng [\u2026]<\/p>","protected":false},"author":9,"featured_media":0,"parent":0,"menu_order":0,"comment_status":"closed","ping_status":"closed","template":"","meta":{"_acf_changed":false,"footnotes":""},"class_list":["post-3050","page","type-page","status-publish","hentry"],"acf":[],"yoast_head":"<!-- This site is optimized with the Yoast SEO plugin v26.0 - https:\/\/yoast.com\/wordpress\/plugins\/seo\/ -->\n<title>Language Help - Tennessee - Consumer Direct Care<\/title>\n<meta name=\"robots\" content=\"index, follow, max-snippet:-1, max-image-preview:large, max-video-preview:-1\" \/>\n<link rel=\"canonical\" href=\"https:\/\/www.consumerdirecttn.com\/vi\/language-help\/\" \/>\n<meta property=\"og:locale\" content=\"vi_VN\" \/>\n<meta property=\"og:type\" content=\"article\" \/>\n<meta property=\"og:title\" content=\"Language Help - Tennessee - Consumer Direct Care\" \/>\n<meta property=\"og:description\" content=\"DO YOU NEED FREE LANGUAGE HELP? If you speak a language other than English, help in your language is available for free. This page tells you how to get help in a language other than English. It also tells you about other help that\u2019s available. Spanish: Espa\u00f1ol ATENCI\u00d3N: si habla espa\u00f1ol, tiene a su disposici\u00f3n [&hellip;]\" \/>\n<meta property=\"og:url\" content=\"https:\/\/www.consumerdirecttn.com\/vi\/language-help\/\" \/>\n<meta property=\"og:site_name\" content=\"Tennessee - Consumer Direct Care\" \/>\n<meta property=\"article:modified_time\" content=\"2025-10-31T09:29:53+00:00\" \/>\n<meta name=\"twitter:card\" content=\"summary_large_image\" \/>\n<meta name=\"twitter:label1\" content=\"\u01af\u1edbc t\u00ednh th\u1eddi gian \u0111\u1ecdc\" \/>\n\t<meta name=\"twitter:data1\" content=\"4 ph\u00fat\" \/>\n<script type=\"application\/ld+json\" class=\"yoast-schema-graph\">{\"@context\":\"https:\/\/schema.org\",\"@graph\":[{\"@type\":\"WebPage\",\"@id\":\"https:\/\/www.consumerdirecttn.com\/language-help\/\",\"url\":\"https:\/\/www.consumerdirecttn.com\/language-help\/\",\"name\":\"Language Help - Tennessee - Consumer Direct Care\",\"isPartOf\":{\"@id\":\"https:\/\/www.consumerdirecttn.com\/#website\"},\"datePublished\":\"2025-10-08T09:29:35+00:00\",\"dateModified\":\"2025-10-31T09:29:53+00:00\",\"breadcrumb\":{\"@id\":\"https:\/\/www.consumerdirecttn.com\/language-help\/#breadcrumb\"},\"inLanguage\":\"vi\",\"potentialAction\":[{\"@type\":\"ReadAction\",\"target\":[\"https:\/\/www.consumerdirecttn.com\/language-help\/\"]}]},{\"@type\":\"BreadcrumbList\",\"@id\":\"https:\/\/www.consumerdirecttn.com\/language-help\/#breadcrumb\",\"itemListElement\":[{\"@type\":\"ListItem\",\"position\":1,\"name\":\"Home\",\"item\":\"https:\/\/www.consumerdirecttn.com\/\"},{\"@type\":\"ListItem\",\"position\":2,\"name\":\"Language Help\"}]},{\"@type\":\"WebSite\",\"@id\":\"https:\/\/www.consumerdirecttn.com\/#website\",\"url\":\"https:\/\/www.consumerdirecttn.com\/\",\"name\":\"Tennessee - Consumer Direct Care\",\"description\":\"\",\"publisher\":{\"@id\":\"https:\/\/www.consumerdirecttn.com\/#organization\"},\"potentialAction\":[{\"@type\":\"SearchAction\",\"target\":{\"@type\":\"EntryPoint\",\"urlTemplate\":\"https:\/\/www.consumerdirecttn.com\/?s={search_term_string}\"},\"query-input\":{\"@type\":\"PropertyValueSpecification\",\"valueRequired\":true,\"valueName\":\"search_term_string\"}}],\"inLanguage\":\"vi\"},{\"@type\":\"Organization\",\"@id\":\"https:\/\/www.consumerdirecttn.com\/#organization\",\"name\":\"Tennessee - Consumer Direct Care\",\"url\":\"https:\/\/www.consumerdirecttn.com\/\",\"logo\":{\"@type\":\"ImageObject\",\"inLanguage\":\"vi\",\"@id\":\"https:\/\/www.consumerdirecttn.com\/#\/schema\/logo\/image\/\",\"url\":\"https:\/\/www.consumerdirecttn.com\/wp-content\/uploads\/sites\/17\/2025\/08\/tennessee-logo-dark.png\",\"contentUrl\":\"https:\/\/www.consumerdirecttn.com\/wp-content\/uploads\/sites\/17\/2025\/08\/tennessee-logo-dark.png\",\"width\":159,\"height\":48,\"caption\":\"Tennessee - Consumer Direct Care\"},\"image\":{\"@id\":\"https:\/\/www.consumerdirecttn.com\/#\/schema\/logo\/image\/\"}}]}<\/script>\n<!-- \/ Yoast SEO plugin. -->","yoast_head_json":{"title":"Language Help - Tennessee - Consumer Direct Care","robots":{"index":"index","follow":"follow","max-snippet":"max-snippet:-1","max-image-preview":"max-image-preview:large","max-video-preview":"max-video-preview:-1"},"canonical":"https:\/\/www.consumerdirecttn.com\/vi\/language-help\/","og_locale":"vi_VN","og_type":"article","og_title":"Language Help - Tennessee - Consumer Direct Care","og_description":"DO YOU NEED FREE LANGUAGE HELP? If you speak a language other than English, help in your language is available for free. This page tells you how to get help in a language other than English. It also tells you about other help that\u2019s available. Spanish: Espa\u00f1ol ATENCI\u00d3N: si habla espa\u00f1ol, tiene a su disposici\u00f3n [&hellip;]","og_url":"https:\/\/www.consumerdirecttn.com\/vi\/language-help\/","og_site_name":"Tennessee - Consumer Direct Care","article_modified_time":"2025-10-31T09:29:53+00:00","twitter_card":"summary_large_image","twitter_misc":{"\u01af\u1edbc t\u00ednh th\u1eddi gian \u0111\u1ecdc":"4 ph\u00fat"},"schema":{"@context":"https:\/\/schema.org","@graph":[{"@type":"WebPage","@id":"https:\/\/www.consumerdirecttn.com\/language-help\/","url":"https:\/\/www.consumerdirecttn.com\/language-help\/","name":"Language Help - Tennessee - Consumer Direct Care","isPartOf":{"@id":"https:\/\/www.consumerdirecttn.com\/#website"},"datePublished":"2025-10-08T09:29:35+00:00","dateModified":"2025-10-31T09:29:53+00:00","breadcrumb":{"@id":"https:\/\/www.consumerdirecttn.com\/language-help\/#breadcrumb"},"inLanguage":"vi","potentialAction":[{"@type":"ReadAction","target":["https:\/\/www.consumerdirecttn.com\/language-help\/"]}]},{"@type":"BreadcrumbList","@id":"https:\/\/www.consumerdirecttn.com\/language-help\/#breadcrumb","itemListElement":[{"@type":"ListItem","position":1,"name":"Home","item":"https:\/\/www.consumerdirecttn.com\/"},{"@type":"ListItem","position":2,"name":"Language Help"}]},{"@type":"WebSite","@id":"https:\/\/www.consumerdirecttn.com\/#website","url":"https:\/\/www.consumerdirecttn.com\/","name":"Tennessee - Ch\u0103m s\u00f3c tr\u1ef1c ti\u1ebfp cho ng\u01b0\u1eddi ti\u00eau d\u00f9ng","description":"","publisher":{"@id":"https:\/\/www.consumerdirecttn.com\/#organization"},"potentialAction":[{"@type":"SearchAction","target":{"@type":"EntryPoint","urlTemplate":"https:\/\/www.consumerdirecttn.com\/?s={search_term_string}"},"query-input":{"@type":"PropertyValueSpecification","valueRequired":true,"valueName":"search_term_string"}}],"inLanguage":"vi"},{"@type":"Organization","@id":"https:\/\/www.consumerdirecttn.com\/#organization","name":"Tennessee - Ch\u0103m s\u00f3c tr\u1ef1c ti\u1ebfp cho ng\u01b0\u1eddi ti\u00eau d\u00f9ng","url":"https:\/\/www.consumerdirecttn.com\/","logo":{"@type":"ImageObject","inLanguage":"vi","@id":"https:\/\/www.consumerdirecttn.com\/#\/schema\/logo\/image\/","url":"https:\/\/www.consumerdirecttn.com\/wp-content\/uploads\/sites\/17\/2025\/08\/tennessee-logo-dark.png","contentUrl":"https:\/\/www.consumerdirecttn.com\/wp-content\/uploads\/sites\/17\/2025\/08\/tennessee-logo-dark.png","width":159,"height":48,"caption":"Tennessee - Consumer Direct Care"},"image":{"@id":"https:\/\/www.consumerdirecttn.com\/#\/schema\/logo\/image\/"}}]}},"_links":{"self":[{"href":"https:\/\/www.consumerdirecttn.com\/vi\/wp-json\/wp\/v2\/pages\/3050","targetHints":{"allow":["GET"]}}],"collection":[{"href":"https:\/\/www.consumerdirecttn.com\/vi\/wp-json\/wp\/v2\/pages"}],"about":[{"href":"https:\/\/www.consumerdirecttn.com\/vi\/wp-json\/wp\/v2\/types\/page"}],"author":[{"embeddable":true,"href":"https:\/\/www.consumerdirecttn.com\/vi\/wp-json\/wp\/v2\/users\/9"}],"replies":[{"embeddable":true,"href":"https:\/\/www.consumerdirecttn.com\/vi\/wp-json\/wp\/v2\/comments?post=3050"}],"version-history":[{"count":71,"href":"https:\/\/www.consumerdirecttn.com\/vi\/wp-json\/wp\/v2\/pages\/3050\/revisions"}],"predecessor-version":[{"id":3727,"href":"https:\/\/www.consumerdirecttn.com\/vi\/wp-json\/wp\/v2\/pages\/3050\/revisions\/3727"}],"wp:attachment":[{"href":"https:\/\/www.consumerdirecttn.com\/vi\/wp-json\/wp\/v2\/media?parent=3050"}],"curies":[{"name":"wp","href":"https:\/\/api.w.org\/{rel}","templated":true}]}}